{"id":1181,"date":"2019-07-23T10:16:49","date_gmt":"2019-07-23T08:16:49","guid":{"rendered":"http:\/\/lapartdelinvisible.com\/?page_id=1181"},"modified":"2024-01-16T12:02:15","modified_gmt":"2024-01-16T11:02:15","slug":"flaubert-lecture-de-correspondances","status":"publish","type":"page","link":"https:\/\/lapartdelinvisible.com\/index.php\/spectacles\/flaubert-lecture-de-correspondances\/","title":{"rendered":"Flaubert : Lecture de correspondances \u00ab\u00a0Dans les plis de l&rsquo;ours\u00a0\u00bb"},"content":{"rendered":"<p style=\"text-align: center;\"><strong><a href=\"http:\/\/lapartdelinvisible.com\/visuel_ours_figurennoire_2\/\"><img loading=\"lazy\" decoding=\"async\" class=\"alignleft wp-image-1286\" src=\"http:\/\/lapartdelinvisible.com\/wp-content\/uploads\/2021\/06\/visuel_ours_figurennoire_2-150x150.jpg\" alt=\"\" width=\"146\" height=\"146\" \/><\/a>Il aimait se comparer \u00e0 un ours\u200b<\/strong><\/p>\n<p><i>\u00ab Je suis ours et veux rester ours dans ma tani\u00e8re, dans mon antre, dans ma peau, dans ma vieille peau d\u2019ours, bie<\/i>n tranquille et loin du bourgeois et des bourgeoises. \u00bb lettre \u00e0 sa s\u0153ur Caroline.\u200b<\/p>\n<p>Mais on ne nait pas ours, c\u2019est bien connu, on le devient.<\/p>\n<p>Comment un jeune bourgeois, qui s\u2019appr\u00eate \u00e0 faire son droit pour se conformer aux attentes de sa classe sociale et ne pas d\u00e9cevoir le P\u00e8re, devient-il un ours ? \u00a0Comment et pourquoi ? \u200b<\/p>\n<p>Que nous reste-t-il de la b\u00eate pour \u00e9lucider le myst\u00e8re\u00a0? Eh bien la peau justement, qu\u2019il nous a laiss\u00e9, avec ses plis et ses replis\u00a0; sa correspondance.<\/p>\n<p>Alors de lettre en lettre, la com\u00e9dienne va se faire d\u00e9tective, exploratrice et nous d\u00e9livrer\u00a0 les secrets de cette m\u00e9tamorphose, oh certes pas kafka\u00efenne mais tout aussi \u00e9trange. Et nous d\u00e9couvrirons sous la peau de l\u2019ours un homme de chair, de sang, d\u2019\u00e2me et d\u2019esprit, un lutteur, un acharn\u00e9, un amoureux, un amant, un fils, un ami, col\u00e9rique, \u00e9rudit, passionn\u00e9, passionnant ; et si dr\u00f4le.<\/p>\n<p>Ours, Flaubert\u00a0! Mais si finement l\u00e9ch\u00e9, entomologiste de son temps, nul mieux que lui ne saura, pour affronter le n\u00f4tre, nous armer de patience, de lucidit\u00e9, de fid\u00e9lit\u00e9 et d\u2019humour.<\/p>\n<p><a href=\"http:\/\/lapartdelinvisible.com\/visuel_tete_d_ours\/\"><img loading=\"lazy\" decoding=\"async\" class=\"alignleft size-thumbnail wp-image-1287\" src=\"http:\/\/lapartdelinvisible.com\/wp-content\/uploads\/2021\/06\/visuel_tete_d_ours-150x150.jpg\" alt=\"\" width=\"150\" height=\"150\" \/><\/a>Extraits :<\/p>\n<p>\u00ab\u00a0<strong>Les gens l\u00e9gers, born\u00e9s, les esprits pr\u00e9somptueux et enthousiastes veulent en toute chose une conclusion ; ils cherchent le but de la vie et la dimension de l\u2019infini. Ils prennent dans leur pauvre petite main une poign\u00e9e de sable et ils disent \u00e0 l\u2019Oc\u00e9an : \u00ab Je vais compter les grains de tes rivages. \u00bb Mais comme les grains leur coulent entre les doigts et que le calcul est long, ils tr\u00e9pignent et ils pleurent. Savez-vous ce qu\u2019il faut faire sur la gr\u00e8ve ? Il faut s\u2019agenouiller ou se promener. Promenez-vous.\u00a0\u00bb\u00a0 <\/strong>A Marie-Sophie Leroyer de Chantepie,18 mai 1857<\/p>\n<p>\u00ab\u00a0<strong>A partir de ce soir o\u00f9 tu m\u2019a bais\u00e9 sur le front je me suis jur\u00e9 \u00e0 moi-m\u00eame de ne jamais te mentir. C\u2019est le proc\u00e9d\u00e9 le plus rude, le plus brutal, peut-\u00eatre le moins tendre, diras-tu\u00a0? Mais je crois que ce serait te m\u00e9priser qu\u2019agir autrement, et t\u2019avilir m\u00eame. Tu n\u2019es pas faite pour \u00eatre servie par un amour faux et grima\u00e7ant. J\u2019aimerais mieux te faire une balafre au visage qu\u2019une grimace derri\u00e8re le dos.\u00a0\u00bb<\/strong> A Louise Colet,\u00a026 ao\u00fbt 1846<\/p>\n<p><strong>\u00ab\u00a0Le si\u00e8ge de Carthage que je termine maintenant m&rsquo;a achev\u00e9. Les machines de guerres me scient le dos\u00a0! Je sue du sang, je pisse de l\u2019huile bouillante, je <span class=\"jaune\">chie<\/span> des catapultes et je rote des balles de frondeurs. Tel est mon \u00e9tat.\u00a0\u00bb<\/strong> A Jules de Goncourt 27 septembre 1861<\/p>\n<p>Spectacle : 1h<\/p>\n<p>Mise en sc\u00e8ne : Benjamin Moreau<\/p>\n<p>Com\u00e9dienne: Rachel Da silva<\/p>\n<p>&nbsp;<\/p>\n<p>&nbsp;<\/p>\n<p>&nbsp;<\/p>\n<p>&nbsp;<\/p>\n","protected":false},"excerpt":{"rendered":"<p>Il aimait se comparer \u00e0 un ours\u200b \u00ab Je suis ours et veux rester ours dans ma tani\u00e8re, dans mon antre, dans ma peau, dans ma vieille peau d\u2019ours, bien <a class=\"more-link\" href=\"https:\/\/lapartdelinvisible.com\/index.php\/spectacles\/flaubert-lecture-de-correspondances\/\">Continue Reading \u2192<\/a><\/p>\n","protected":false},"author":1,"featured_media":0,"parent":380,"menu_order":0,"comment_status":"closed","ping_status":"closed","template":"","meta":{"footnotes":""},"class_list":["post-1181","page","type-page","status-publish","hentry"],"_links":{"self":[{"href":"https:\/\/lapartdelinvisible.com\/index.php\/wp-json\/wp\/v2\/pages\/1181","targetHints":{"allow":["GET"]}}],"collection":[{"href":"https:\/\/lapartdelinvisible.com\/index.php\/wp-json\/wp\/v2\/pages"}],"about":[{"href":"https:\/\/lapartdelinvisible.com\/index.php\/wp-json\/wp\/v2\/types\/page"}],"author":[{"embeddable":true,"href":"https:\/\/lapartdelinvisible.com\/index.php\/wp-json\/wp\/v2\/users\/1"}],"replies":[{"embeddable":true,"href":"https:\/\/lapartdelinvisible.com\/index.php\/wp-json\/wp\/v2\/comments?post=1181"}],"version-history":[{"count":16,"href":"https:\/\/lapartdelinvisible.com\/index.php\/wp-json\/wp\/v2\/pages\/1181\/revisions"}],"predecessor-version":[{"id":1250,"href":"https:\/\/lapartdelinvisible.com\/index.php\/wp-json\/wp\/v2\/pages\/1181\/revisions\/1250"}],"up":[{"embeddable":true,"href":"https:\/\/lapartdelinvisible.com\/index.php\/wp-json\/wp\/v2\/pages\/380"}],"wp:attachment":[{"href":"https:\/\/lapartdelinvisible.com\/index.php\/wp-json\/wp\/v2\/media?parent=1181"}],"curies":[{"name":"wp","href":"https:\/\/api.w.org\/{rel}","templated":true}]}}