{"id":380,"date":"2018-07-24T15:01:24","date_gmt":"2018-07-24T13:01:24","guid":{"rendered":"http:\/\/lapartdelinvisible.com\/?page_id=380"},"modified":"2018-08-29T10:30:55","modified_gmt":"2018-08-29T08:30:55","slug":"spectacles","status":"publish","type":"page","link":"https:\/\/lapartdelinvisible.com\/index.php\/spectacles\/","title":{"rendered":"Spectacles"},"content":{"rendered":"<p><a href=\"http:\/\/lapartdelinvisible.com\/index.php\/spectacles\/flaubert-la-legende-de-saint-julien-lhospitalier\/st_julien_10x15_recto\/\" rel=\"attachment wp-att-176\"><img loading=\"lazy\" decoding=\"async\" class=\"wp-image-176 alignright\" src=\"http:\/\/lapartdelinvisible.com\/wp-content\/uploads\/2018\/07\/ST_JULIEN_10x15_RECTO-200x300.jpg\" alt=\"\" width=\"149\" height=\"219\" \/><\/a>\u00a0FLAUBERT<\/p>\n<p>LA L\u00c9GENDE DE SAINT JULIEN L&rsquo;HOSPITALIER<\/p>\n<p><strong>C&rsquo;est un spectacle<\/strong> avec une com\u00e9dienne, un musicien, les sculptures d&rsquo;une plasticienne et la prose de l&rsquo;immense Gustave Flaubert. <strong>C&rsquo;est un conte<\/strong> avec son lot de ch\u00e2teaux, de jeunes seigneurs, de chevauch\u00e9es sous des cieux immenses, de noires for\u00eats dans lesquelles notre humanit\u00e9 chancelle et avec \u00e7a et l\u00e0 une princesse orientale et une bataille hom\u00e9rique.<strong>C&rsquo;est une odyss\u00e9e<\/strong>.<strong>C&rsquo;est fait avec la mati\u00e8re qui a constitu\u00e9e, qui constitue et qui constituera \u00e0 jamais les hommes. <\/strong><strong>C&rsquo;est la langue de Flaubert,<\/strong> la pointe incandescente de la prose fran\u00e7aise. <a href=\"http:\/\/lapartdelinvisible.com\/index.php\/flaubert-la-legende-de-saint-julien-lhospitalier\/\">En savoir plus<\/a><\/p>\n<p>&nbsp;<\/p>\n<p>LECTURE MUSICALE<\/p>\n<p>VOYAGE VERS LES MONDES V\u00c9G\u00c9TAUX<a href=\"http:\/\/lapartdelinvisible.com\/index.php\/spectacles\/lecture-musicale-voyage-vers-les-mondes-vegetaux\/affichea5_voyageverslesmondesvegetaux\/\" rel=\"attachment wp-att-600\"><img loading=\"lazy\" decoding=\"async\" class=\"wp-image-600 alignright\" src=\"http:\/\/lapartdelinvisible.com\/wp-content\/uploads\/2018\/07\/AfficheA5_VoyageVersLesMondesV\u00e9g\u00e9taux-211x300.jpg\" alt=\"\" width=\"166\" height=\"232\" \/><\/a><\/p>\n<p>Modeste, mais essentielle contribution \u00e0 la r\u00e9solution des probl\u00e8mes \u00e9cologiques : peut-\u00eatre qu&rsquo;apr\u00e8s, poserez-vous enfin un regard sur la minuscule touffe de gramin\u00e9es qui perce le b\u00e9ton ?<\/p>\n<p><a href=\"http:\/\/lapartdelinvisible.com\/index.php\/spectacles\/lecture-musicale-voyage-vers-les-mondes-vegetaux\/\">En savoir plus<\/a><\/p>\n<p>&nbsp;<\/p>\n<p>&nbsp;<\/p>\n","protected":false},"excerpt":{"rendered":"<p>\u00a0FLAUBERT LA L\u00c9GENDE DE SAINT JULIEN L&rsquo;HOSPITALIER C&rsquo;est un spectacle avec une com\u00e9dienne, un musicien, les sculptures d&rsquo;une plasticienne et la prose de l&rsquo;immense Gustave Flaubert. C&rsquo;est un conte avec <a class=\"more-link\" href=\"https:\/\/lapartdelinvisible.com\/index.php\/spectacles\/\">Continue Reading \u2192<\/a><\/p>\n","protected":false},"author":1,"featured_media":0,"parent":0,"menu_order":0,"comment_status":"closed","ping_status":"closed","template":"page-fullwidth.php","meta":{"footnotes":""},"class_list":["post-380","page","type-page","status-publish","hentry"],"_links":{"self":[{"href":"https:\/\/lapartdelinvisible.com\/index.php\/wp-json\/wp\/v2\/pages\/380","targetHints":{"allow":["GET"]}}],"collection":[{"href":"https:\/\/lapartdelinvisible.com\/index.php\/wp-json\/wp\/v2\/pages"}],"about":[{"href":"https:\/\/lapartdelinvisible.com\/index.php\/wp-json\/wp\/v2\/types\/page"}],"author":[{"embeddable":true,"href":"https:\/\/lapartdelinvisible.com\/index.php\/wp-json\/wp\/v2\/users\/1"}],"replies":[{"embeddable":true,"href":"https:\/\/lapartdelinvisible.com\/index.php\/wp-json\/wp\/v2\/comments?post=380"}],"version-history":[{"count":22,"href":"https:\/\/lapartdelinvisible.com\/index.php\/wp-json\/wp\/v2\/pages\/380\/revisions"}],"predecessor-version":[{"id":990,"href":"https:\/\/lapartdelinvisible.com\/index.php\/wp-json\/wp\/v2\/pages\/380\/revisions\/990"}],"wp:attachment":[{"href":"https:\/\/lapartdelinvisible.com\/index.php\/wp-json\/wp\/v2\/media?parent=380"}],"curies":[{"name":"wp","href":"https:\/\/api.w.org\/{rel}","templated":true}]}}