{"id":399,"date":"2018-07-24T15:07:15","date_gmt":"2018-07-24T13:07:15","guid":{"rendered":"http:\/\/lapartdelinvisible.com\/?page_id=399"},"modified":"2019-12-04T20:54:00","modified_gmt":"2019-12-04T19:54:00","slug":"compagnie","status":"publish","type":"page","link":"https:\/\/lapartdelinvisible.com\/index.php\/compagnie\/","title":{"rendered":"Compagnie"},"content":{"rendered":"<p>Le travail de <em><strong>la Part de l\u2019invisible<\/strong><\/em> s\u2019attache essentiellement \u00e0 porter \u00e0 la sc\u00e8ne des textes non dramatiques et chercher le chemin de leurs incarnations.<\/p>\n<p>Ces textes qui ne sont pas destin\u00e9s \u00e0 la sc\u00e8ne, ouvrent des espaces o\u00f9 la sensualit\u00e9 et la corpor\u00e9it\u00e9 des \u00e9motions peuvent \u00eatre en mise en jeu de fa\u00e7on ouverte tout en laissant une grande place \u00e0 l\u2019imaginaire et \u00e0 la po\u00e9sie des corps et de la langue.<\/p>\n<p>Ainsi, proposer un th\u00e9\u00e2tre qui se tiendrait presque exclusivement avec la force, le souffle des textes et la pr\u00e9sence du corps, d\u2019un corps organique \u00e0 jeu \u00e9gal avec le texte, porteur de l\u2019\u00e9motion.<\/p>\n<p>Notre dessein est de concevoir des spectacles qui puissent \u00eatre jou\u00e9s sur des sc\u00e8nes comme hors les murs, qui ne soient pas assign\u00e9s au strict espace du th\u00e9\u00e2tre.<\/p>\n<p>Pour cela, <em><strong>la Part de l\u2019invisible<\/strong><\/em> s\u2019attache \u00e0 cr\u00e9er des dispositifs permettant de porter nos spectacles dans des endroits qui ne lui sont pas forc\u00e9ment destin\u00e9s, et qui permettent ainsi \u00e0 chaque fois de nouvelles circulations entre le lieu, son histoire, le texte et le public.<\/p>\n<p>Inviter des artistes pour l\u2019engagement qu\u2019ils ont dans leurs cr\u00e9ations respectives et faire en sorte qu\u2019ils ne soient pas l\u00e0 uniquement pour remplir une t\u00e2che s\u00e9par\u00e9e de l\u2019ensemble de la cr\u00e9ation, mais qu\u2019ils aient aussi la charge de participer \u00e0 construire pleinement l\u2019objet th\u00e9\u00e2tral.<\/p>\n<p>&nbsp;<\/p>\n<p>&nbsp;<\/p>\n<p>&nbsp;<\/p>\n<p>&nbsp;<\/p>\n<p>&nbsp;<\/p>\n","protected":false},"excerpt":{"rendered":"<p>Le travail de la Part de l\u2019invisible s\u2019attache essentiellement \u00e0 porter \u00e0 la sc\u00e8ne des textes non dramatiques et chercher le chemin de leurs incarnations. Ces textes qui ne sont <a class=\"more-link\" href=\"https:\/\/lapartdelinvisible.com\/index.php\/compagnie\/\">Continue Reading \u2192<\/a><\/p>\n","protected":false},"author":1,"featured_media":0,"parent":0,"menu_order":0,"comment_status":"closed","ping_status":"closed","template":"","meta":{"footnotes":""},"class_list":["post-399","page","type-page","status-publish","hentry"],"_links":{"self":[{"href":"https:\/\/lapartdelinvisible.com\/index.php\/wp-json\/wp\/v2\/pages\/399","targetHints":{"allow":["GET"]}}],"collection":[{"href":"https:\/\/lapartdelinvisible.com\/index.php\/wp-json\/wp\/v2\/pages"}],"about":[{"href":"https:\/\/lapartdelinvisible.com\/index.php\/wp-json\/wp\/v2\/types\/page"}],"author":[{"embeddable":true,"href":"https:\/\/lapartdelinvisible.com\/index.php\/wp-json\/wp\/v2\/users\/1"}],"replies":[{"embeddable":true,"href":"https:\/\/lapartdelinvisible.com\/index.php\/wp-json\/wp\/v2\/comments?post=399"}],"version-history":[{"count":19,"href":"https:\/\/lapartdelinvisible.com\/index.php\/wp-json\/wp\/v2\/pages\/399\/revisions"}],"predecessor-version":[{"id":1224,"href":"https:\/\/lapartdelinvisible.com\/index.php\/wp-json\/wp\/v2\/pages\/399\/revisions\/1224"}],"wp:attachment":[{"href":"https:\/\/lapartdelinvisible.com\/index.php\/wp-json\/wp\/v2\/media?parent=399"}],"curies":[{"name":"wp","href":"https:\/\/api.w.org\/{rel}","templated":true}]}}