{"id":478,"date":"2018-07-27T13:25:29","date_gmt":"2018-07-27T11:25:29","guid":{"rendered":"http:\/\/lapartdelinvisible.com\/?page_id=478"},"modified":"2020-09-14T09:33:37","modified_gmt":"2020-09-14T07:33:37","slug":"lecture-musicale-voyage-vers-les-mondes-vegetaux","status":"publish","type":"page","link":"https:\/\/lapartdelinvisible.com\/index.php\/spectacles\/lecture-musicale-voyage-vers-les-mondes-vegetaux\/","title":{"rendered":"Lecture musicale th\u00e9\u00e2tralis\u00e9e: Voyage vers les mondes v\u00e9g\u00e9taux"},"content":{"rendered":"<p><a href=\"http:\/\/lapartdelinvisible.com\/index.php\/spectacles\/lecture-musicale-voyage-vers-les-mondes-vegetaux\/vegetaux-22\/\" rel=\"attachment wp-att-1044\"><img loading=\"lazy\" decoding=\"async\" class=\"alignleft wp-image-1044\" src=\"http:\/\/lapartdelinvisible.com\/wp-content\/uploads\/2018\/10\/v\u00e9g\u00e9taux-22.jpg\" alt=\"\" width=\"201\" height=\"289\" \/><\/a><\/p>\n<p>Ce spectacle s&rsquo;inspire de la prestidigitation; il s&rsquo;agit pour nous de faire appara\u00eetre un objet.<br \/>\nLa particularit\u00e9 de cet objet est qu&rsquo;il est en permanence sous nos yeux.<br \/>\nFaire voir les v\u00e9g\u00e9taux, plus pr\u00e9cis\u00e9ment, dessiner par la lecture de certains auteurs, <strong>les contours de notre rapport au r\u00e8gne v\u00e9g\u00e9tal, et essayer de conjurer \u00ab\u00a0le mal\u00e9fice de l&rsquo;omnipr\u00e9sence\u00a0\u00bb. <\/strong><\/p>\n<p>Le \u00ab\u00a0<strong>mal\u00e9fice de l&rsquo;omnipr\u00e9sence<\/strong>\u00a0\u00bb dit le botaniste <strong>Francis Hall\u00e9<\/strong> \u00e0 propos des v\u00e9g\u00e9taux : de la minuscule touffe gramin\u00e9e profitant d&rsquo;une anfractuosit\u00e9 du b\u00e9ton pour s&rsquo;\u00e9panouir, aux monstrueux platanes, les v\u00e9g\u00e9taux sont partout, mais dans leurs extr\u00eames banalit\u00e9s, ils se d\u00e9robent \u00e0 notre regard.<br \/>\nIl n&rsquo;est pas question dans ce spectacle de botanique ou de biologie v\u00e9g\u00e9tale \u00e0 proprement parler.<br \/>\nNous pensons qu&rsquo;en passant par la m\u00e9diation des grands auteurs et de ce qu&rsquo;ils ont \u00e9crit sur les plantes, nous pouvons esquisser une connaissance du r\u00e8gne v\u00e9g\u00e9tal qui ne soit pas purement<br \/>\nscientifique, mais surtout sensible, po\u00e9tique et intuitive. Il s&rsquo;agit de <strong>Virgile, de Rainer Maria Rilke, de Colette, de Maeterlinck, de Flaubert\u2026.<\/strong><br \/>\nLes textes se r\u00e9pondent, des \u00e9chos se cr\u00e9ent, ou au contraire, les points de vue se t\u00e9lescopent. Une vision se d\u00e9gage, elle peut \u00eatre sublime, dr\u00f4le ou ridicule.<br \/>\nLa cr\u00e9ation musicale, n&rsquo;est pas con\u00e7ue comme un simple accompagnement, elle fait \u00e9merger des paysages et des sensations et donc aide toujours \u00e0 construire le sens.<br \/>\n<strong>Modeste mais essentielle contribution \u00e0 la r\u00e9solution des probl\u00e8mes \u00e9cologiques:<\/strong><br \/>\n<strong>Peut-\u00eatre qu&rsquo;apr\u00e8s, poserez vous enfin un regard sur la minuscule touffe de gramin\u00e9e qui perce le b\u00e9ton ?<\/strong><br \/>\nLecture : Rachel Da Silva<br \/>\nContrebasse : Youssef Ghazzal<br \/>\nSpectacle cr\u00e9\u00e9 gr\u00e2ce au soutien de la ville de Venerque, <strong>existe dans sa forme ext\u00e9rieure, actuellement en cr\u00e9ation dans la forme destin\u00e9e aux salles.<\/strong><\/p>\n<p><a href=\"https:\/\/www.youtube.com\/watch?v=_C9BiUpQSuw\"><strong>Teaser<\/strong><\/a><\/p>\n\n\t\t<style type=\"text\/css\">\n\t\t\t#gallery-1 {\n\t\t\t\tmargin: auto;\n\t\t\t}\n\t\t\t#gallery-1 .gallery-item {\n\t\t\t\tfloat: left;\n\t\t\t\tmargin-top: 10px;\n\t\t\t\ttext-align: center;\n\t\t\t\twidth: 16%;\n\t\t\t}\n\t\t\t#gallery-1 img {\n\t\t\t\tborder: 2px solid #cfcfcf;\n\t\t\t}\n\t\t\t#gallery-1 .gallery-caption {\n\t\t\t\tmargin-left: 0;\n\t\t\t}\n\t\t\t\/* see gallery_shortcode() in wp-includes\/media.php *\/\n\t\t<\/style>\n\t\t<div id='gallery-1' class='gallery galleryid-478 gallery-columns-6 gallery-size-thumbnail'><dl class='gallery-item'>\n\t\t\t<dt class='gallery-icon landscape'>\n\t\t\t\t<a href='https:\/\/lapartdelinvisible.com\/index.php\/spectacles\/lecture-musicale-voyage-vers-les-mondes-vegetaux\/dsc_4830-2\/'><img loading=\"lazy\" decoding=\"async\" width=\"150\" height=\"150\" src=\"https:\/\/lapartdelinvisible.com\/wp-content\/uploads\/2018\/08\/DSC_4830-1-150x150.jpg\" class=\"attachment-thumbnail size-thumbnail\" alt=\"\" \/><\/a>\n\t\t\t<\/dt><\/dl><dl class='gallery-item'>\n\t\t\t<dt class='gallery-icon portrait'>\n\t\t\t\t<a href='https:\/\/lapartdelinvisible.com\/index.php\/spectacles\/lecture-musicale-voyage-vers-les-mondes-vegetaux\/dsc_4855\/'><img loading=\"lazy\" decoding=\"async\" width=\"150\" height=\"150\" src=\"https:\/\/lapartdelinvisible.com\/wp-content\/uploads\/2018\/08\/DSC_4855-150x150.jpg\" class=\"attachment-thumbnail size-thumbnail\" alt=\"\" \/><\/a>\n\t\t\t<\/dt><\/dl><dl class='gallery-item'>\n\t\t\t<dt class='gallery-icon landscape'>\n\t\t\t\t<a href='https:\/\/lapartdelinvisible.com\/index.php\/spectacles\/lecture-musicale-voyage-vers-les-mondes-vegetaux\/dsc_4852-2\/'><img loading=\"lazy\" decoding=\"async\" width=\"150\" height=\"150\" src=\"https:\/\/lapartdelinvisible.com\/wp-content\/uploads\/2018\/08\/DSC_4852-1-150x150.jpg\" class=\"attachment-thumbnail size-thumbnail\" alt=\"\" \/><\/a>\n\t\t\t<\/dt><\/dl><dl class='gallery-item'>\n\t\t\t<dt class='gallery-icon landscape'>\n\t\t\t\t<a href='https:\/\/lapartdelinvisible.com\/cie-la-part-de-linvisible-voyage-vers-les-mondes-vegetaux-19-copie\/'><img loading=\"lazy\" decoding=\"async\" width=\"150\" height=\"150\" src=\"https:\/\/lapartdelinvisible.com\/wp-content\/uploads\/2019\/09\/Cie-La-part-de-linvisible-Voyage-vers-les-mondes-v\u00e9g\u00e9taux-19-Copie-150x150.jpg\" class=\"attachment-thumbnail size-thumbnail\" alt=\"\" \/><\/a>\n\t\t\t<\/dt><\/dl><dl class='gallery-item'>\n\t\t\t<dt class='gallery-icon landscape'>\n\t\t\t\t<a href='https:\/\/lapartdelinvisible.com\/cie-la-part-de-linvisible-voyage-vers-les-mondes-vegetaux-15\/'><img loading=\"lazy\" decoding=\"async\" width=\"150\" height=\"150\" src=\"https:\/\/lapartdelinvisible.com\/wp-content\/uploads\/2019\/09\/Cie-La-part-de-linvisible-Voyage-vers-les-mondes-v\u00e9g\u00e9taux-15-150x150.jpg\" class=\"attachment-thumbnail size-thumbnail\" alt=\"\" \/><\/a>\n\t\t\t<\/dt><\/dl><dl class='gallery-item'>\n\t\t\t<dt class='gallery-icon landscape'>\n\t\t\t\t<a href='https:\/\/lapartdelinvisible.com\/index.php\/spectacles\/lecture-musicale-voyage-vers-les-mondes-vegetaux\/dsc_4865-2\/'><img loading=\"lazy\" decoding=\"async\" width=\"150\" height=\"150\" src=\"https:\/\/lapartdelinvisible.com\/wp-content\/uploads\/2018\/08\/DSC_4865-1-150x150.jpg\" class=\"attachment-thumbnail size-thumbnail\" alt=\"\" \/><\/a>\n\t\t\t<\/dt><\/dl><br style=\"clear: both\" \/><dl class='gallery-item'>\n\t\t\t<dt class='gallery-icon landscape'>\n\t\t\t\t<a href='https:\/\/lapartdelinvisible.com\/index.php\/spectacles\/lecture-musicale-voyage-vers-les-mondes-vegetaux\/dsc_4311-2\/'><img loading=\"lazy\" decoding=\"async\" width=\"150\" height=\"150\" src=\"https:\/\/lapartdelinvisible.com\/wp-content\/uploads\/2018\/08\/DSC_4311-1-150x150.jpg\" class=\"attachment-thumbnail size-thumbnail\" alt=\"\" \/><\/a>\n\t\t\t<\/dt><\/dl><dl class='gallery-item'>\n\t\t\t<dt class='gallery-icon landscape'>\n\t\t\t\t<a href='https:\/\/lapartdelinvisible.com\/cie-la-part-de-linvisible-voyage-vers-les-mondes-vegetaux-29\/'><img loading=\"lazy\" decoding=\"async\" width=\"150\" height=\"150\" src=\"https:\/\/lapartdelinvisible.com\/wp-content\/uploads\/2019\/09\/Cie-La-part-de-linvisible-Voyage-vers-les-mondes-v\u00e9g\u00e9taux-29-150x150.jpg\" class=\"attachment-thumbnail size-thumbnail\" alt=\"\" \/><\/a>\n\t\t\t<\/dt><\/dl><dl class='gallery-item'>\n\t\t\t<dt class='gallery-icon portrait'>\n\t\t\t\t<a href='https:\/\/lapartdelinvisible.com\/index.php\/spectacles\/lecture-musicale-voyage-vers-les-mondes-vegetaux\/dsc_4883\/'><img loading=\"lazy\" decoding=\"async\" width=\"150\" height=\"150\" src=\"https:\/\/lapartdelinvisible.com\/wp-content\/uploads\/2018\/08\/DSC_4883-150x150.jpg\" class=\"attachment-thumbnail size-thumbnail\" alt=\"\" \/><\/a>\n\t\t\t<\/dt><\/dl><dl class='gallery-item'>\n\t\t\t<dt class='gallery-icon landscape'>\n\t\t\t\t<a href='https:\/\/lapartdelinvisible.com\/index.php\/spectacles\/lecture-musicale-voyage-vers-les-mondes-vegetaux\/dsc_4829\/'><img loading=\"lazy\" decoding=\"async\" width=\"150\" height=\"150\" src=\"https:\/\/lapartdelinvisible.com\/wp-content\/uploads\/2018\/08\/DSC_4829-150x150.jpg\" class=\"attachment-thumbnail size-thumbnail\" alt=\"\" \/><\/a>\n\t\t\t<\/dt><\/dl><dl class='gallery-item'>\n\t\t\t<dt class='gallery-icon landscape'>\n\t\t\t\t<a href='https:\/\/lapartdelinvisible.com\/index.php\/spectacles\/lecture-musicale-voyage-vers-les-mondes-vegetaux\/dsc_4328-2\/'><img loading=\"lazy\" decoding=\"async\" width=\"150\" height=\"150\" src=\"https:\/\/lapartdelinvisible.com\/wp-content\/uploads\/2018\/08\/DSC_4328-1-150x150.jpg\" class=\"attachment-thumbnail size-thumbnail\" alt=\"\" \/><\/a>\n\t\t\t<\/dt><\/dl><dl class='gallery-item'>\n\t\t\t<dt class='gallery-icon portrait'>\n\t\t\t\t<a href='https:\/\/lapartdelinvisible.com\/index.php\/spectacles\/lecture-musicale-voyage-vers-les-mondes-vegetaux\/dsc_4893\/'><img loading=\"lazy\" decoding=\"async\" width=\"150\" height=\"150\" src=\"https:\/\/lapartdelinvisible.com\/wp-content\/uploads\/2018\/08\/DSC_4893-150x150.jpg\" class=\"attachment-thumbnail size-thumbnail\" alt=\"\" aria-describedby=\"gallery-1-910\" \/><\/a>\n\t\t\t<\/dt>\n\t\t\t\t<dd class='wp-caption-text gallery-caption' id='gallery-1-910'>\n\t\t\t\tCr\u00e9dit Photo Julie Lecomte\n\t\t\t\t<\/dd><\/dl><br style=\"clear: both\" \/>\n\t\t<\/div>\n\n<p>&nbsp;<\/p>\n<p>&nbsp;<\/p>\n","protected":false},"excerpt":{"rendered":"<p>Ce spectacle s&rsquo;inspire de la prestidigitation; il s&rsquo;agit pour nous de faire appara\u00eetre un objet. La particularit\u00e9 de cet objet est qu&rsquo;il est en permanence sous nos yeux. Faire voir <a class=\"more-link\" href=\"https:\/\/lapartdelinvisible.com\/index.php\/spectacles\/lecture-musicale-voyage-vers-les-mondes-vegetaux\/\">Continue Reading \u2192<\/a><\/p>\n","protected":false},"author":1,"featured_media":0,"parent":380,"menu_order":1,"comment_status":"closed","ping_status":"closed","template":"page-disable-sidebar.php","meta":{"footnotes":""},"class_list":["post-478","page","type-page","status-publish","hentry"],"_links":{"self":[{"href":"https:\/\/lapartdelinvisible.com\/index.php\/wp-json\/wp\/v2\/pages\/478","targetHints":{"allow":["GET"]}}],"collection":[{"href":"https:\/\/lapartdelinvisible.com\/index.php\/wp-json\/wp\/v2\/pages"}],"about":[{"href":"https:\/\/lapartdelinvisible.com\/index.php\/wp-json\/wp\/v2\/types\/page"}],"author":[{"embeddable":true,"href":"https:\/\/lapartdelinvisible.com\/index.php\/wp-json\/wp\/v2\/users\/1"}],"replies":[{"embeddable":true,"href":"https:\/\/lapartdelinvisible.com\/index.php\/wp-json\/wp\/v2\/comments?post=478"}],"version-history":[{"count":50,"href":"https:\/\/lapartdelinvisible.com\/index.php\/wp-json\/wp\/v2\/pages\/478\/revisions"}],"predecessor-version":[{"id":1262,"href":"https:\/\/lapartdelinvisible.com\/index.php\/wp-json\/wp\/v2\/pages\/478\/revisions\/1262"}],"up":[{"embeddable":true,"href":"https:\/\/lapartdelinvisible.com\/index.php\/wp-json\/wp\/v2\/pages\/380"}],"wp:attachment":[{"href":"https:\/\/lapartdelinvisible.com\/index.php\/wp-json\/wp\/v2\/media?parent=478"}],"curies":[{"name":"wp","href":"https:\/\/api.w.org\/{rel}","templated":true}]}}