{"id":481,"date":"2024-09-13T17:27:22","date_gmt":"2024-09-13T15:27:22","guid":{"rendered":"http:\/\/lapartdelinvisible.com\/?page_id=481"},"modified":"2025-03-11T12:32:40","modified_gmt":"2025-03-11T11:32:40","slug":"cachee-dapres-le-conte-la-grue-blanche","status":"publish","type":"page","link":"https:\/\/lapartdelinvisible.com\/index.php\/spectacles\/cachee-dapres-le-conte-la-grue-blanche\/","title":{"rendered":"CACH\u00c9E D\u2019APR\u00c8S LE CONTE \u00a0\u00bb LA GRUE BLANCHE \u00ab\u00a0"},"content":{"rendered":"\n<div class=\"wp-block-cover is-light\"><span aria-hidden=\"true\" class=\"wp-block-cover__background has-background-dim\" style=\"background-color:#FFF\"><\/span><video class=\"wp-block-cover__video-background intrinsic-ignore\" autoplay muted loop playsinline src=\"https:\/\/lapartdelinvisible.com\/wp-content\/uploads\/2024\/09\/extrait-debut-2.mp4\" data-object-fit=\"cover\"><\/video><div class=\"wp-block-cover__inner-container is-layout-flow wp-block-cover-is-layout-flow\">\n<p><\/p>\n<\/div><\/div>\n\n\n<p><a href=\"https:\/\/lapartdelinvisible.com\/capture-decran-2024-09-12-a-13-22-44\/\"><img loading=\"lazy\" decoding=\"async\" class=\"alignleft size-thumbnail wp-image-1384\" src=\"http:\/\/lapartdelinvisible.com\/wp-content\/uploads\/2024\/09\/Capture-decran-2024-09-12-a-13.22.44-150x150.png\" alt=\"\" width=\"150\" height=\"150\" \/><\/a><\/p>\n<p>Ce conte traite avec une extraordinaire acuit\u00e9 certains sujets qui hantent notre monde et nos imaginaires. Que se passe t-il quand les hommes, dans leur rapport aux autres vivants, substituent une logique de r\u00e9ciprocit\u00e9 et de soin par une logique de production et de pr\u00e9dation? Au d\u00e9but du conte lorsque l\u2019homme recueille et soigne la grue bless\u00e9e, il montre \u00e0 son \u00e9gard une g\u00e9n\u00e9rosit\u00e9 sans calcul. \u00c0 ce don, la grue r\u00e9pond d\u2019abord en s\u2019offrant \u00e0 lui comme \u00e9pouse apr\u00e8s s\u2019\u00eatre m\u00e9tamorphos\u00e9e en femme, puis en lui donnant le fruit de son travail : les voiles magiques qu\u2018elle sait tisser.<\/p>\n<p style=\"font-weight: 400;\">\u00c0 partir du moment o\u00f9 l\u2019homme poss\u00e8de \u00e0 la fois la femme et ce qu\u2019elle produit, il n\u2019y a plus de r\u00e9ciprocit\u00e9 dans les \u00e9changes. Le mari ne fera que prendre ce que lui donne sa femme, jusqu\u2019au point de la tuer. Par-l\u00e0, ce conte est une mise en garde : quand l\u2019avidit\u00e9 et la recherche de l\u2019accumulation sans fin se substituent au cycle du don et du contre-don, qui nous a longtemps li\u00e9 aux entit\u00e9s naturelles, alors la trag\u00e9die est in\u00e9vitable. Cet aveuglement avide de l\u2019homme sera un coup d\u2019arr\u00eat \u00e0 la relation humaine. Ce conte cerne avec justesse les \u00e9ternels ressorts de la domination masculine : enfermer les femmes dans l\u2019espace domestique et invisibiliser leur travail. A l\u2019\u00e9poux, l\u2019espace ext\u00e9rieur, les relations avec le monde et le prestige social qu\u2019il tire du commerce des biens produits par sa femme. A l\u2019\u00e9pouse l\u2019espace domestique, l\u2019invisibilit\u00e9 et l\u2019\u00e9puisant travail de production.<\/p>\n<p>R\u00c9SUM\u00c9 DU CONTE<\/p>\n<p>Une grue bless\u00e9e atterrit un jour devant la porte d\u2019un tisserand. Le tisserand est pauvre mais il la soigne jusqu\u2019\u00e0 ce qu\u2019elle se r\u00e9tablisse. Plus tard, une femme se pr\u00e9sente chez lui. Le jeune homme, qui avait jusque l\u00e0 men\u00e9 une vie chaste et solitaire, est d\u2019abord troubl\u00e9 par cette pr\u00e9sence. Une fois la confusion pass\u00e9e, une relation amoureuse se noue entre les deux \u00eatres. Le temps passe, et le labeur et la pauvret\u00e9 sont toujours l\u00e0 ; pour \u00e9chapper \u00e0 cette situation la femme fait une proposition : elle tissera une voile de bateau, une voile magique qui pourra \u00eatre vendue tr\u00e8s cher. La femme pose une unique condition \u00e0 sa t\u00e2che : elle oeuvrera derri\u00e8re un paravent et l\u2019homme ne devra en aucun cas ni la voir, ni la d\u00e9ranger pendant son travail. La femme termine son ouvrage en quelques jours, au bord de l\u2019\u00e9puisement. Elle fait alors promettre \u00e0 son \u00e9poux de ne jamais lui demander de refaire un tel travail. La promesse est faite par le mari, et celui-ci vend tr\u00e8s vite la voile \u00e0 un riche marchand. Quelque temps apr\u00e8s, ayant \u00e9puis\u00e9 l\u2019argent et r\u00eavant d\u2019un enrichissement brutal, au m\u00e9pris de sa promesse, l\u2019homme contraint sa femme \u00e0 tisser de nouveau une voile. Apr\u00e8s avoir rappel\u00e9 \u00e0 son mari sa promesse, \u00e0 contre-coeur, la femme se lance une deuxi\u00e8me fois dans ce labeur ext\u00e9nuant. Quelque jour apr\u00e8s, impatient et inquiet, l\u2019homme regarde derri\u00e8re le paravent : il d\u00e9couvre alors une grue \u00e9puis\u00e9e, tissant ses propres plumes.<\/p>\n\n\n<figure class=\"wp-block-gallery has-nested-images columns-default is-cropped wp-block-gallery-1 is-layout-flex wp-block-gallery-is-layout-flex\">\n<figure class=\"wp-block-image size-large\"><img loading=\"lazy\" decoding=\"async\" width=\"1024\" height=\"590\" data-id=\"1394\" src=\"http:\/\/lapartdelinvisible.com\/wp-content\/uploads\/2024\/09\/Capture-decran-2024-09-12-a-13.28.35-1024x590.png\" alt=\"\" class=\"wp-image-1394\" srcset=\"https:\/\/lapartdelinvisible.com\/wp-content\/uploads\/2024\/09\/Capture-decran-2024-09-12-a-13.28.35-1024x590.png 1024w, https:\/\/lapartdelinvisible.com\/wp-content\/uploads\/2024\/09\/Capture-decran-2024-09-12-a-13.28.35-300x173.png 300w, https:\/\/lapartdelinvisible.com\/wp-content\/uploads\/2024\/09\/Capture-decran-2024-09-12-a-13.28.35-768x442.png 768w, https:\/\/lapartdelinvisible.com\/wp-content\/uploads\/2024\/09\/Capture-decran-2024-09-12-a-13.28.35-1536x885.png 1536w, https:\/\/lapartdelinvisible.com\/wp-content\/uploads\/2024\/09\/Capture-decran-2024-09-12-a-13.28.35-2048x1180.png 2048w, https:\/\/lapartdelinvisible.com\/wp-content\/uploads\/2024\/09\/Capture-decran-2024-09-12-a-13.28.35-1320x760.png 1320w\" sizes=\"auto, (max-width: 1024px) 100vw, 1024px\" \/><\/figure>\n\n\n\n<figure class=\"wp-block-image size-large\"><img loading=\"lazy\" decoding=\"async\" width=\"1011\" height=\"1024\" data-id=\"1375\" src=\"https:\/\/lapartdelinvisible.com\/wp-content\/uploads\/2024\/09\/Capture-decran-2024-09-12-a-13.04.53-1011x1024.png\" alt=\"\" class=\"wp-image-1375\" srcset=\"https:\/\/lapartdelinvisible.com\/wp-content\/uploads\/2024\/09\/Capture-decran-2024-09-12-a-13.04.53-1011x1024.png 1011w, https:\/\/lapartdelinvisible.com\/wp-content\/uploads\/2024\/09\/Capture-decran-2024-09-12-a-13.04.53-296x300.png 296w, https:\/\/lapartdelinvisible.com\/wp-content\/uploads\/2024\/09\/Capture-decran-2024-09-12-a-13.04.53-768x778.png 768w, https:\/\/lapartdelinvisible.com\/wp-content\/uploads\/2024\/09\/Capture-decran-2024-09-12-a-13.04.53-1320x1337.png 1320w, https:\/\/lapartdelinvisible.com\/wp-content\/uploads\/2024\/09\/Capture-decran-2024-09-12-a-13.04.53.png 1386w\" sizes=\"auto, (max-width: 1011px) 100vw, 1011px\" \/><\/figure>\n\n\n\n<figure class=\"wp-block-image size-large\"><img loading=\"lazy\" decoding=\"async\" width=\"1024\" height=\"567\" data-id=\"1376\" src=\"https:\/\/lapartdelinvisible.com\/wp-content\/uploads\/2024\/09\/Capture-decran-2024-09-12-a-13.05.28-1024x567.png\" alt=\"\" class=\"wp-image-1376\" srcset=\"https:\/\/lapartdelinvisible.com\/wp-content\/uploads\/2024\/09\/Capture-decran-2024-09-12-a-13.05.28-1024x567.png 1024w, https:\/\/lapartdelinvisible.com\/wp-content\/uploads\/2024\/09\/Capture-decran-2024-09-12-a-13.05.28-300x166.png 300w, https:\/\/lapartdelinvisible.com\/wp-content\/uploads\/2024\/09\/Capture-decran-2024-09-12-a-13.05.28-768x425.png 768w, https:\/\/lapartdelinvisible.com\/wp-content\/uploads\/2024\/09\/Capture-decran-2024-09-12-a-13.05.28-1536x851.png 1536w, https:\/\/lapartdelinvisible.com\/wp-content\/uploads\/2024\/09\/Capture-decran-2024-09-12-a-13.05.28-2048x1134.png 2048w, https:\/\/lapartdelinvisible.com\/wp-content\/uploads\/2024\/09\/Capture-decran-2024-09-12-a-13.05.28-1320x731.png 1320w\" sizes=\"auto, (max-width: 1024px) 100vw, 1024px\" \/><\/figure>\n\n\n\n<figure class=\"wp-block-image size-large\"><img loading=\"lazy\" decoding=\"async\" width=\"1024\" height=\"683\" data-id=\"1366\" src=\"https:\/\/lapartdelinvisible.com\/wp-content\/uploads\/2024\/09\/E-IMG_1908-1024x683.jpg\" alt=\"\" class=\"wp-image-1366\" srcset=\"https:\/\/lapartdelinvisible.com\/wp-content\/uploads\/2024\/09\/E-IMG_1908-1024x683.jpg 1024w, https:\/\/lapartdelinvisible.com\/wp-content\/uploads\/2024\/09\/E-IMG_1908-300x200.jpg 300w, https:\/\/lapartdelinvisible.com\/wp-content\/uploads\/2024\/09\/E-IMG_1908-768x512.jpg 768w, https:\/\/lapartdelinvisible.com\/wp-content\/uploads\/2024\/09\/E-IMG_1908-1536x1024.jpg 1536w, https:\/\/lapartdelinvisible.com\/wp-content\/uploads\/2024\/09\/E-IMG_1908-1320x880.jpg 1320w, https:\/\/lapartdelinvisible.com\/wp-content\/uploads\/2024\/09\/E-IMG_1908.jpg 1615w\" sizes=\"auto, (max-width: 1024px) 100vw, 1024px\" \/><\/figure>\n\n\n\n<figure class=\"wp-block-image size-large\"><img loading=\"lazy\" decoding=\"async\" width=\"923\" height=\"1024\" data-id=\"1367\" src=\"https:\/\/lapartdelinvisible.com\/wp-content\/uploads\/2024\/09\/E2-IMG_1896-923x1024.jpg\" alt=\"\" class=\"wp-image-1367\" srcset=\"https:\/\/lapartdelinvisible.com\/wp-content\/uploads\/2024\/09\/E2-IMG_1896-923x1024.jpg 923w, https:\/\/lapartdelinvisible.com\/wp-content\/uploads\/2024\/09\/E2-IMG_1896-270x300.jpg 270w, https:\/\/lapartdelinvisible.com\/wp-content\/uploads\/2024\/09\/E2-IMG_1896-768x852.jpg 768w, https:\/\/lapartdelinvisible.com\/wp-content\/uploads\/2024\/09\/E2-IMG_1896-1385x1536.jpg 1385w, https:\/\/lapartdelinvisible.com\/wp-content\/uploads\/2024\/09\/E2-IMG_1896-1846x2048.jpg 1846w, https:\/\/lapartdelinvisible.com\/wp-content\/uploads\/2024\/09\/E2-IMG_1896-1320x1464.jpg 1320w\" sizes=\"auto, (max-width: 923px) 100vw, 923px\" \/><\/figure>\n\n\n\n<figure class=\"wp-block-image size-large\"><img loading=\"lazy\" decoding=\"async\" width=\"1024\" height=\"683\" data-id=\"1369\" src=\"https:\/\/lapartdelinvisible.com\/wp-content\/uploads\/2024\/09\/E-IMG_1891-1-1024x683.jpg\" alt=\"\" class=\"wp-image-1369\" srcset=\"https:\/\/lapartdelinvisible.com\/wp-content\/uploads\/2024\/09\/E-IMG_1891-1-1024x683.jpg 1024w, https:\/\/lapartdelinvisible.com\/wp-content\/uploads\/2024\/09\/E-IMG_1891-1-300x200.jpg 300w, https:\/\/lapartdelinvisible.com\/wp-content\/uploads\/2024\/09\/E-IMG_1891-1-768x512.jpg 768w, https:\/\/lapartdelinvisible.com\/wp-content\/uploads\/2024\/09\/E-IMG_1891-1.jpg 1269w\" sizes=\"auto, (max-width: 1024px) 100vw, 1024px\" \/><\/figure>\n\n\n\n<figure class=\"wp-block-image size-large\"><img loading=\"lazy\" decoding=\"async\" width=\"1024\" height=\"683\" data-id=\"1364\" src=\"https:\/\/lapartdelinvisible.com\/wp-content\/uploads\/2024\/09\/E-IMG_1884-1024x683.jpg\" alt=\"\" class=\"wp-image-1364\" srcset=\"https:\/\/lapartdelinvisible.com\/wp-content\/uploads\/2024\/09\/E-IMG_1884-1024x683.jpg 1024w, https:\/\/lapartdelinvisible.com\/wp-content\/uploads\/2024\/09\/E-IMG_1884-300x200.jpg 300w, https:\/\/lapartdelinvisible.com\/wp-content\/uploads\/2024\/09\/E-IMG_1884-768x512.jpg 768w, https:\/\/lapartdelinvisible.com\/wp-content\/uploads\/2024\/09\/E-IMG_1884-1536x1024.jpg 1536w, https:\/\/lapartdelinvisible.com\/wp-content\/uploads\/2024\/09\/E-IMG_1884-2048x1365.jpg 2048w, https:\/\/lapartdelinvisible.com\/wp-content\/uploads\/2024\/09\/E-IMG_1884-1320x880.jpg 1320w\" sizes=\"auto, (max-width: 1024px) 100vw, 1024px\" \/><\/figure>\n\n\n\n<figure class=\"wp-block-image size-large\"><img loading=\"lazy\" decoding=\"async\" width=\"1024\" height=\"585\" data-id=\"1382\" src=\"https:\/\/lapartdelinvisible.com\/wp-content\/uploads\/2024\/09\/Capture-decran-2024-09-12-a-13.08.32-1024x585.png\" alt=\"\" class=\"wp-image-1382\" srcset=\"https:\/\/lapartdelinvisible.com\/wp-content\/uploads\/2024\/09\/Capture-decran-2024-09-12-a-13.08.32-1024x585.png 1024w, https:\/\/lapartdelinvisible.com\/wp-content\/uploads\/2024\/09\/Capture-decran-2024-09-12-a-13.08.32-300x171.png 300w, https:\/\/lapartdelinvisible.com\/wp-content\/uploads\/2024\/09\/Capture-decran-2024-09-12-a-13.08.32-768x439.png 768w, https:\/\/lapartdelinvisible.com\/wp-content\/uploads\/2024\/09\/Capture-decran-2024-09-12-a-13.08.32-1536x877.png 1536w, https:\/\/lapartdelinvisible.com\/wp-content\/uploads\/2024\/09\/Capture-decran-2024-09-12-a-13.08.32-2048x1170.png 2048w, https:\/\/lapartdelinvisible.com\/wp-content\/uploads\/2024\/09\/Capture-decran-2024-09-12-a-13.08.32-1320x754.png 1320w\" sizes=\"auto, (max-width: 1024px) 100vw, 1024px\" \/><\/figure>\n\n\n\n<figure class=\"wp-block-image size-large\"><img loading=\"lazy\" decoding=\"async\" width=\"1024\" height=\"619\" data-id=\"1373\" src=\"https:\/\/lapartdelinvisible.com\/wp-content\/uploads\/2024\/09\/Capture-decran-2024-09-12-a-13.03.17-1024x619.png\" alt=\"\" class=\"wp-image-1373\" srcset=\"https:\/\/lapartdelinvisible.com\/wp-content\/uploads\/2024\/09\/Capture-decran-2024-09-12-a-13.03.17-1024x619.png 1024w, https:\/\/lapartdelinvisible.com\/wp-content\/uploads\/2024\/09\/Capture-decran-2024-09-12-a-13.03.17-300x181.png 300w, https:\/\/lapartdelinvisible.com\/wp-content\/uploads\/2024\/09\/Capture-decran-2024-09-12-a-13.03.17-768x464.png 768w, https:\/\/lapartdelinvisible.com\/wp-content\/uploads\/2024\/09\/Capture-decran-2024-09-12-a-13.03.17-1536x929.png 1536w, https:\/\/lapartdelinvisible.com\/wp-content\/uploads\/2024\/09\/Capture-decran-2024-09-12-a-13.03.17-2048x1239.png 2048w, https:\/\/lapartdelinvisible.com\/wp-content\/uploads\/2024\/09\/Capture-decran-2024-09-12-a-13.03.17-1320x798.png 1320w\" sizes=\"auto, (max-width: 1024px) 100vw, 1024px\" \/><\/figure>\n\n\n\n<figure class=\"wp-block-image size-large\"><img loading=\"lazy\" decoding=\"async\" width=\"923\" height=\"1024\" data-id=\"1371\" src=\"https:\/\/lapartdelinvisible.com\/wp-content\/uploads\/2024\/09\/E2-IMG_1896-1-923x1024.jpg\" alt=\"\" class=\"wp-image-1371\" srcset=\"https:\/\/lapartdelinvisible.com\/wp-content\/uploads\/2024\/09\/E2-IMG_1896-1-923x1024.jpg 923w, https:\/\/lapartdelinvisible.com\/wp-content\/uploads\/2024\/09\/E2-IMG_1896-1-270x300.jpg 270w, https:\/\/lapartdelinvisible.com\/wp-content\/uploads\/2024\/09\/E2-IMG_1896-1-768x852.jpg 768w, https:\/\/lapartdelinvisible.com\/wp-content\/uploads\/2024\/09\/E2-IMG_1896-1-1385x1536.jpg 1385w, https:\/\/lapartdelinvisible.com\/wp-content\/uploads\/2024\/09\/E2-IMG_1896-1-1846x2048.jpg 1846w, https:\/\/lapartdelinvisible.com\/wp-content\/uploads\/2024\/09\/E2-IMG_1896-1-1320x1464.jpg 1320w\" sizes=\"auto, (max-width: 923px) 100vw, 923px\" \/><\/figure>\n\n\n\n<figure class=\"wp-block-image size-large\"><img loading=\"lazy\" decoding=\"async\" width=\"1024\" height=\"549\" data-id=\"1374\" src=\"https:\/\/lapartdelinvisible.com\/wp-content\/uploads\/2024\/09\/Capture-decran-2024-09-12-a-13.03.40-1024x549.png\" alt=\"\" class=\"wp-image-1374\" srcset=\"https:\/\/lapartdelinvisible.com\/wp-content\/uploads\/2024\/09\/Capture-decran-2024-09-12-a-13.03.40-1024x549.png 1024w, https:\/\/lapartdelinvisible.com\/wp-content\/uploads\/2024\/09\/Capture-decran-2024-09-12-a-13.03.40-300x161.png 300w, https:\/\/lapartdelinvisible.com\/wp-content\/uploads\/2024\/09\/Capture-decran-2024-09-12-a-13.03.40-768x412.png 768w, https:\/\/lapartdelinvisible.com\/wp-content\/uploads\/2024\/09\/Capture-decran-2024-09-12-a-13.03.40-1536x824.png 1536w, https:\/\/lapartdelinvisible.com\/wp-content\/uploads\/2024\/09\/Capture-decran-2024-09-12-a-13.03.40-2048x1098.png 2048w, https:\/\/lapartdelinvisible.com\/wp-content\/uploads\/2024\/09\/Capture-decran-2024-09-12-a-13.03.40-1320x708.png 1320w\" sizes=\"auto, (max-width: 1024px) 100vw, 1024px\" \/><\/figure>\n\n\n\n<figure class=\"wp-block-image size-large\"><img loading=\"lazy\" decoding=\"async\" width=\"1024\" height=\"606\" data-id=\"1334\" src=\"https:\/\/lapartdelinvisible.com\/wp-content\/uploads\/2024\/03\/Capture-d\u2019\u00e9cran-2024-03-03-\u00e0-11.18.49-1024x606.png\" alt=\"\" class=\"wp-image-1334\" srcset=\"https:\/\/lapartdelinvisible.com\/wp-content\/uploads\/2024\/03\/Capture-d\u2019\u00e9cran-2024-03-03-\u00e0-11.18.49-1024x606.png 1024w, https:\/\/lapartdelinvisible.com\/wp-content\/uploads\/2024\/03\/Capture-d\u2019\u00e9cran-2024-03-03-\u00e0-11.18.49-300x178.png 300w, https:\/\/lapartdelinvisible.com\/wp-content\/uploads\/2024\/03\/Capture-d\u2019\u00e9cran-2024-03-03-\u00e0-11.18.49-768x455.png 768w, https:\/\/lapartdelinvisible.com\/wp-content\/uploads\/2024\/03\/Capture-d\u2019\u00e9cran-2024-03-03-\u00e0-11.18.49-1320x782.png 1320w\" sizes=\"auto, (max-width: 1024px) 100vw, 1024px\" \/><\/figure>\n\n\n\n<figure class=\"wp-block-image size-large\"><img loading=\"lazy\" decoding=\"async\" width=\"1024\" height=\"576\" data-id=\"1330\" src=\"https:\/\/lapartdelinvisible.com\/wp-content\/uploads\/2024\/03\/bien-eric-marecage-grue-1024x576.jpg\" alt=\"\" class=\"wp-image-1330\" srcset=\"https:\/\/lapartdelinvisible.com\/wp-content\/uploads\/2024\/03\/bien-eric-marecage-grue-1024x576.jpg 1024w, https:\/\/lapartdelinvisible.com\/wp-content\/uploads\/2024\/03\/bien-eric-marecage-grue-300x169.jpg 300w, https:\/\/lapartdelinvisible.com\/wp-content\/uploads\/2024\/03\/bien-eric-marecage-grue-768x432.jpg 768w, https:\/\/lapartdelinvisible.com\/wp-content\/uploads\/2024\/03\/bien-eric-marecage-grue-1320x743.jpg 1320w\" sizes=\"auto, (max-width: 1024px) 100vw, 1024px\" \/><\/figure>\n\n\n\n<figure class=\"wp-block-image size-large\"><img loading=\"lazy\" decoding=\"async\" width=\"1024\" height=\"583\" data-id=\"1384\" src=\"https:\/\/lapartdelinvisible.com\/wp-content\/uploads\/2024\/09\/Capture-decran-2024-09-12-a-13.22.44-1024x583.png\" alt=\"\" class=\"wp-image-1384\" srcset=\"https:\/\/lapartdelinvisible.com\/wp-content\/uploads\/2024\/09\/Capture-decran-2024-09-12-a-13.22.44-1024x583.png 1024w, https:\/\/lapartdelinvisible.com\/wp-content\/uploads\/2024\/09\/Capture-decran-2024-09-12-a-13.22.44-300x171.png 300w, https:\/\/lapartdelinvisible.com\/wp-content\/uploads\/2024\/09\/Capture-decran-2024-09-12-a-13.22.44-768x437.png 768w, https:\/\/lapartdelinvisible.com\/wp-content\/uploads\/2024\/09\/Capture-decran-2024-09-12-a-13.22.44-1536x874.png 1536w, https:\/\/lapartdelinvisible.com\/wp-content\/uploads\/2024\/09\/Capture-decran-2024-09-12-a-13.22.44-2048x1165.png 2048w, https:\/\/lapartdelinvisible.com\/wp-content\/uploads\/2024\/09\/Capture-decran-2024-09-12-a-13.22.44-1320x751.png 1320w\" sizes=\"auto, (max-width: 1024px) 100vw, 1024px\" \/><\/figure>\n\n\n\n<figure class=\"wp-block-image size-large\"><img loading=\"lazy\" decoding=\"async\" width=\"1024\" height=\"480\" data-id=\"1439\" src=\"https:\/\/lapartdelinvisible.com\/wp-content\/uploads\/2024\/09\/Capture-decran-2024-09-13-a-09.13.27-1024x480.png\" alt=\"\" class=\"wp-image-1439\" srcset=\"https:\/\/lapartdelinvisible.com\/wp-content\/uploads\/2024\/09\/Capture-decran-2024-09-13-a-09.13.27-1024x480.png 1024w, https:\/\/lapartdelinvisible.com\/wp-content\/uploads\/2024\/09\/Capture-decran-2024-09-13-a-09.13.27-300x141.png 300w, https:\/\/lapartdelinvisible.com\/wp-content\/uploads\/2024\/09\/Capture-decran-2024-09-13-a-09.13.27-768x360.png 768w, https:\/\/lapartdelinvisible.com\/wp-content\/uploads\/2024\/09\/Capture-decran-2024-09-13-a-09.13.27-1536x720.png 1536w, https:\/\/lapartdelinvisible.com\/wp-content\/uploads\/2024\/09\/Capture-decran-2024-09-13-a-09.13.27-2048x960.png 2048w, https:\/\/lapartdelinvisible.com\/wp-content\/uploads\/2024\/09\/Capture-decran-2024-09-13-a-09.13.27-1320x619.png 1320w\" sizes=\"auto, (max-width: 1024px) 100vw, 1024px\" \/><\/figure>\n<\/figure>\n\n\n\n<p>Extrait Vid\u00e9o <\/p>\n\n\n\n<div class=\"wp-block-media-text is-stacked-on-mobile\"><figure class=\"wp-block-media-text__media\"><video controls src=\"http:\/\/lapartdelinvisible.com\/wp-content\/uploads\/2025\/03\/la-part-de-linvisible-cachee-teaser.mp4\"><\/video><\/figure><div class=\"wp-block-media-text__content\">\n<p><\/p>\n<\/div><\/div>\n\n\n\n<p><\/p>\n\n\n\n<p>Distribution :<\/p>\n\n\n\n<p>Adaptation : Rachel Da silva<\/p>\n\n\n\n<p>Mise en sc\u00e8ne : Collective dirig\u00e9e par Rachel Da silva<\/p>\n\n\n\n<p>Jeu : Eric Seban et Rachel Da Silva<\/p>\n\n\n\n<p>Manipulation et projection (r\u00e9tro-projecteur et peinture sur sable): Fr\u00e9d\u00e9rique H\u00e9ol<\/p>\n\n\n\n<p>Plasticienne : Claire-Rose Barbier<\/p>\n\n\n\n<p>Musicien : Laurent Buisson<\/p>\n\n\n\n<p>Cr\u00e9ation lumi\u00e8re : G\u00e9raldine Michel <\/p>\n\n\n\n<p>Soutiens &amp; partenaires  D\u00e9partement Haute-Garonne  | Le Quai des arts, Cugnaux (31) | Espace Antonin Artaud, Gaillac (81) |<\/p>\n\n\n\n<p>Les Abattoirs, Riom (63) | Ax animation, Ax-les-thermes (09) | Espace culturel Angonia, Martres Tolosan (31) | | SPEDIDAM |<\/p>\n\n\n\n<p>En cours | Mairie de Toulouse | R\u00e9gion Occitanie<\/p>\n\n\n\n<p><\/p>\n","protected":false},"excerpt":{"rendered":"<p>Ce conte traite avec une extraordinaire acuit\u00e9 certains sujets qui hantent notre monde et nos imaginaires. Que se passe t-il quand les hommes, dans leur rapport aux autres vivants, substituent <a class=\"more-link\" href=\"https:\/\/lapartdelinvisible.com\/index.php\/spectacles\/cachee-dapres-le-conte-la-grue-blanche\/\">Continue Reading \u2192<\/a><\/p>\n","protected":false},"author":1,"featured_media":0,"parent":380,"menu_order":1,"comment_status":"closed","ping_status":"closed","template":"page-disable-sidebar.php","meta":{"footnotes":""},"class_list":["post-481","page","type-page","status-publish","hentry"],"_links":{"self":[{"href":"https:\/\/lapartdelinvisible.com\/index.php\/wp-json\/wp\/v2\/pages\/481","targetHints":{"allow":["GET"]}}],"collection":[{"href":"https:\/\/lapartdelinvisible.com\/index.php\/wp-json\/wp\/v2\/pages"}],"about":[{"href":"https:\/\/lapartdelinvisible.com\/index.php\/wp-json\/wp\/v2\/types\/page"}],"author":[{"embeddable":true,"href":"https:\/\/lapartdelinvisible.com\/index.php\/wp-json\/wp\/v2\/users\/1"}],"replies":[{"embeddable":true,"href":"https:\/\/lapartdelinvisible.com\/index.php\/wp-json\/wp\/v2\/comments?post=481"}],"version-history":[{"count":26,"href":"https:\/\/lapartdelinvisible.com\/index.php\/wp-json\/wp\/v2\/pages\/481\/revisions"}],"predecessor-version":[{"id":1532,"href":"https:\/\/lapartdelinvisible.com\/index.php\/wp-json\/wp\/v2\/pages\/481\/revisions\/1532"}],"up":[{"embeddable":true,"href":"https:\/\/lapartdelinvisible.com\/index.php\/wp-json\/wp\/v2\/pages\/380"}],"wp:attachment":[{"href":"https:\/\/lapartdelinvisible.com\/index.php\/wp-json\/wp\/v2\/media?parent=481"}],"curies":[{"name":"wp","href":"https:\/\/api.w.org\/{rel}","templated":true}]}}