{"id":483,"date":"2018-07-26T14:32:23","date_gmt":"2018-07-26T12:32:23","guid":{"rendered":"http:\/\/lapartdelinvisible.com\/?page_id=483"},"modified":"2025-09-06T14:37:01","modified_gmt":"2025-09-06T12:37:01","slug":"rachel-da-silva","status":"publish","type":"page","link":"https:\/\/lapartdelinvisible.com\/index.php\/compagnie\/rachel-da-silva\/","title":{"rendered":"Rachel Da silva-Com\u00e9dienne"},"content":{"rendered":"<p><a href=\"http:\/\/lapartdelinvisible.com\/index.php\/compagnie\/rachel-da-silva\/admin-ajax\/\" rel=\"attachment wp-att-492\"><img loading=\"lazy\" decoding=\"async\" class=\"size-medium wp-image-492 alignleft\" src=\"http:\/\/lapartdelinvisible.com\/wp-content\/uploads\/2018\/07\/admin-ajax-236x300.png\" alt=\"\" width=\"236\" height=\"300\" srcset=\"https:\/\/lapartdelinvisible.com\/wp-content\/uploads\/2018\/07\/admin-ajax-236x300.png 236w, https:\/\/lapartdelinvisible.com\/wp-content\/uploads\/2018\/07\/admin-ajax.png 315w, https:\/\/lapartdelinvisible.com\/wp-content\/uploads\/2018\/07\/admin-ajax-230x292.png 230w\" sizes=\"auto, (max-width: 236px) 100vw, 236px\" \/><\/a><\/p>\n<p><b>Rachel Da Silva<\/b> est com\u00e9dienne et metteuse en sc\u00e8ne, form\u00e9e aux conservatoires de Clermont-Ferrand, com\u00e9die de Saint-\u00c9tienne et conservatoire de Grenoble sous la direction de Philippe Sire.<span class=\"Apple-converted-space\">\u00a0<\/span><\/p>\n<p><i>Elle d\u00e9veloppe un th\u00e9\u00e2tre profond\u00e9ment ancr\u00e9 dans la litt\u00e9rature et les \u00e9critures po\u00e9tiques, o\u00f9 la langue devient mati\u00e8re sc\u00e9nique. Son travail interroge la fa\u00e7on dont le texte, le corps et l\u2019espace se r\u00e9pondent pour cr\u00e9er des formes sensibles d\u2019\u00e9coute et de r\u00e9ception. Sa pratique de la danse contemporaine et du but\u00f4 a nourri une recherche exigeante sur l\u2019entrelacement du corps et de la parole, dans une attention au souffle, au rythme et \u00e0 la pr\u00e9sence. Ses cr\u00e9ations, souvent con\u00e7ues en complicit\u00e9 avec d\u2019autres artistes, ouvrent des espaces o\u00f9 le mot et le geste s\u2019unissent pour donner naissance \u00e0 une exp\u00e9rience po\u00e9tique partag\u00e9e.<\/i><\/p>\n<p>Titulaire du Dipl\u00f4me d\u2019\u00c9tat, elle est <strong data-start=\"1040\" data-end=\"1146\">coordinatrice du d\u00e9partement th\u00e9\u00e2tre et enseignante au Conservatoire \u00e0 Rayonnement Communal de Cugnaux depuis plus de 10 ans<\/strong>. Elle est \u00e9galement <strong data-start=\"1167\" data-end=\"1213\">titulaire du dipl\u00f4me d\u2019enseignante de yoga<\/strong> d\u00e9livr\u00e9 par la F\u00e9d\u00e9ration IFY, dans la lign\u00e9e de T.K.V. Desikachar sous la guidance de Martyn Neal. Elle relie sa transmission du yoga \u00e0 son parcours de com\u00e9dienne : <em data-start=\"1380\" data-end=\"1509\">th\u00e9\u00e2tre et yoga se rejoignent en cela qu\u2019il n\u2019y a rien d\u2019autre \u00e0 atteindre que la pr\u00e9sence \u2014 soi, l\u2019autre, le texte, l\u2019instant.<\/em><\/p>\n\n\n<p><\/p>\n","protected":false},"excerpt":{"rendered":"<p>Rachel Da Silva est com\u00e9dienne et metteuse en sc\u00e8ne, form\u00e9e aux conservatoires de Clermont-Ferrand, com\u00e9die de Saint-\u00c9tienne et conservatoire de Grenoble sous la direction de Philippe Sire.\u00a0 Elle d\u00e9veloppe un <a class=\"more-link\" href=\"https:\/\/lapartdelinvisible.com\/index.php\/compagnie\/rachel-da-silva\/\">Continue Reading \u2192<\/a><\/p>\n","protected":false},"author":1,"featured_media":0,"parent":399,"menu_order":1,"comment_status":"closed","ping_status":"closed","template":"page-fullwidth.php","meta":{"footnotes":""},"class_list":["post-483","page","type-page","status-publish","hentry"],"_links":{"self":[{"href":"https:\/\/lapartdelinvisible.com\/index.php\/wp-json\/wp\/v2\/pages\/483","targetHints":{"allow":["GET"]}}],"collection":[{"href":"https:\/\/lapartdelinvisible.com\/index.php\/wp-json\/wp\/v2\/pages"}],"about":[{"href":"https:\/\/lapartdelinvisible.com\/index.php\/wp-json\/wp\/v2\/types\/page"}],"author":[{"embeddable":true,"href":"https:\/\/lapartdelinvisible.com\/index.php\/wp-json\/wp\/v2\/users\/1"}],"replies":[{"embeddable":true,"href":"https:\/\/lapartdelinvisible.com\/index.php\/wp-json\/wp\/v2\/comments?post=483"}],"version-history":[{"count":25,"href":"https:\/\/lapartdelinvisible.com\/index.php\/wp-json\/wp\/v2\/pages\/483\/revisions"}],"predecessor-version":[{"id":1586,"href":"https:\/\/lapartdelinvisible.com\/index.php\/wp-json\/wp\/v2\/pages\/483\/revisions\/1586"}],"up":[{"embeddable":true,"href":"https:\/\/lapartdelinvisible.com\/index.php\/wp-json\/wp\/v2\/pages\/399"}],"wp:attachment":[{"href":"https:\/\/lapartdelinvisible.com\/index.php\/wp-json\/wp\/v2\/media?parent=483"}],"curies":[{"name":"wp","href":"https:\/\/api.w.org\/{rel}","templated":true}]}}