{"id":487,"date":"2018-07-27T10:26:02","date_gmt":"2018-07-27T08:26:02","guid":{"rendered":"http:\/\/lapartdelinvisible.com\/?page_id=487"},"modified":"2023-05-07T17:44:50","modified_gmt":"2023-05-07T15:44:50","slug":"anne-da-silva","status":"publish","type":"page","link":"https:\/\/lapartdelinvisible.com\/index.php\/compagnie\/anne-da-silva\/","title":{"rendered":"Anne Da silva-Artiste associ\u00e9e-Plasticienne"},"content":{"rendered":"<p><a href=\"http:\/\/www.anne-dasilva.com\/\" target=\"_blank\" rel=\"attachment noopener wp-att-595\"><img loading=\"lazy\" decoding=\"async\" class=\"size-medium wp-image-595 alignleft\" src=\"http:\/\/lapartdelinvisible.com\/wp-content\/uploads\/2018\/07\/anne--266x300.jpg\" alt=\"\" width=\"266\" height=\"300\" srcset=\"https:\/\/lapartdelinvisible.com\/wp-content\/uploads\/2018\/07\/anne--266x300.jpg 266w, https:\/\/lapartdelinvisible.com\/wp-content\/uploads\/2018\/07\/anne-.jpg 354w\" sizes=\"auto, (max-width: 266px) 100vw, 266px\" \/><\/a><\/p>\n<p>Il s\u2019agit pour moi, dans le travail d\u2019approche, de lectures, de recherches et d\u2019atelier, de guetter les appartenances communes entre humains et non-humains, les porosit\u00e9s de r\u00e8gnes, les r\u00e9cits \u00e0 multiples voix.<\/p>\n<p>D\u00e9placer et multiplier les \u00ab\u00a0points de vies\u00a0\u00bb.<\/p>\n<p>A travers mes sculptures, installations immersives ou \u00e9crits je convoque une po\u00e9tique de la parent\u00e9, et des itin\u00e9raires crois\u00e9s. Je guette les m\u00e9moires m\u00e9lang\u00e9es de l\u2019Homme et du monde organique, les continuit\u00e9s de formes, de mati\u00e8res et parfois de sons.<\/p>\n<p>Je cherche, l\u00e0 o\u00f9 souvent notre quotidien nous s\u00e9pare, \u00e0 restaurer avec le monde vivant des ind\u00e9terminations, des cohabitations et des zones de partage. Je cherche l\u2019exp\u00e9rience d\u2019un sol en commun, d\u2019une ascendance partag\u00e9e et d\u2019un avenir li\u00e9.<\/p>\n<p>Pour ce faire, chaque projet est au long court et souvent composite. Il n\u00e9cessite de larges tranches de temps, des rencontres, collaborations, apprentissages de techniques, de savoirs faire et d\u2019histoires.<\/p>\n<p>Le travail de la sculpture est central, il proc\u00e8de d\u2019un temps patient de transformation d\u2019une mati\u00e8re r\u00e9colt\u00e9e sur le terrain. Cuisson, trempage, suture, tannage \u2026 le geste artisan au service de l\u2019\u00e9mergence d\u2019une forme, d\u2019une structure d\u00e9j\u00e0 sugg\u00e9r\u00e9e par les propri\u00e9t\u00e9s des mat\u00e9riaux s\u00e9lectionn\u00e9s.<\/p>\n<p>La mati\u00e8re devenant forme, elle stratifie de possibles histoires\/r\u00e9cits qui de longues dates se partagent, fa\u00e7onnant nos cultures.<\/p>\n<p>&nbsp;<\/p>\n<p><a href=\"https:\/\/www.anne-dasilva.com\/?page_id=354\">https:\/\/www.anne-dasilva.com\/?page_id=354<\/a><\/p>\n","protected":false},"excerpt":{"rendered":"<p>Il s\u2019agit pour moi, dans le travail d\u2019approche, de lectures, de recherches et d\u2019atelier, de guetter les appartenances communes entre humains et non-humains, les porosit\u00e9s de r\u00e8gnes, les r\u00e9cits \u00e0 <a class=\"more-link\" href=\"https:\/\/lapartdelinvisible.com\/index.php\/compagnie\/anne-da-silva\/\">Continue Reading \u2192<\/a><\/p>\n","protected":false},"author":1,"featured_media":0,"parent":399,"menu_order":4,"comment_status":"closed","ping_status":"closed","template":"page-fullwidth.php","meta":{"footnotes":""},"class_list":["post-487","page","type-page","status-publish","hentry"],"_links":{"self":[{"href":"https:\/\/lapartdelinvisible.com\/index.php\/wp-json\/wp\/v2\/pages\/487","targetHints":{"allow":["GET"]}}],"collection":[{"href":"https:\/\/lapartdelinvisible.com\/index.php\/wp-json\/wp\/v2\/pages"}],"about":[{"href":"https:\/\/lapartdelinvisible.com\/index.php\/wp-json\/wp\/v2\/types\/page"}],"author":[{"embeddable":true,"href":"https:\/\/lapartdelinvisible.com\/index.php\/wp-json\/wp\/v2\/users\/1"}],"replies":[{"embeddable":true,"href":"https:\/\/lapartdelinvisible.com\/index.php\/wp-json\/wp\/v2\/comments?post=487"}],"version-history":[{"count":9,"href":"https:\/\/lapartdelinvisible.com\/index.php\/wp-json\/wp\/v2\/pages\/487\/revisions"}],"predecessor-version":[{"id":1317,"href":"https:\/\/lapartdelinvisible.com\/index.php\/wp-json\/wp\/v2\/pages\/487\/revisions\/1317"}],"up":[{"embeddable":true,"href":"https:\/\/lapartdelinvisible.com\/index.php\/wp-json\/wp\/v2\/pages\/399"}],"wp:attachment":[{"href":"https:\/\/lapartdelinvisible.com\/index.php\/wp-json\/wp\/v2\/media?parent=487"}],"curies":[{"name":"wp","href":"https:\/\/api.w.org\/{rel}","templated":true}]}}