{"id":489,"date":"2018-07-27T13:17:48","date_gmt":"2018-07-27T11:17:48","guid":{"rendered":"http:\/\/lapartdelinvisible.com\/?page_id=489"},"modified":"2023-05-07T17:40:56","modified_gmt":"2023-05-07T15:40:56","slug":"youssef-ghazzal-artiste-associe","status":"publish","type":"page","link":"https:\/\/lapartdelinvisible.com\/index.php\/compagnie\/youssef-ghazzal-artiste-associe\/","title":{"rendered":"Youssef Ghazzal- Artiste associ\u00e9-Musicien"},"content":{"rendered":"<p><a href=\"http:\/\/lapartdelinvisible.com\/index.php\/youssef-ghazzal-artiste-associe\/youssef\/\" rel=\"attachment wp-att-591\"><img loading=\"lazy\" decoding=\"async\" class=\"size-medium wp-image-591 alignleft\" src=\"http:\/\/lapartdelinvisible.com\/wp-content\/uploads\/2018\/07\/youssef-300x297.jpg\" alt=\"\" width=\"300\" height=\"297\" srcset=\"https:\/\/lapartdelinvisible.com\/wp-content\/uploads\/2018\/07\/youssef-300x297.jpg 300w, https:\/\/lapartdelinvisible.com\/wp-content\/uploads\/2018\/07\/youssef-150x150.jpg 150w, https:\/\/lapartdelinvisible.com\/wp-content\/uploads\/2018\/07\/youssef.jpg 400w\" sizes=\"auto, (max-width: 300px) 100vw, 300px\" \/><\/a><\/p>\n<p>Son parcours de musicien conna\u00eet un pr\u00e9alable. Enfant, il assiste chaque ann\u00e9e \u00e0 des rituels organis\u00e9s par sa propre famille au Maroc m\u00ealant transe initiatique et pratiques th\u00e9rapeutiques populaires. Anim\u00e9 par cette exp\u00e9rience marquante, il consacre une partie de son parcours universitaire \u00e0 l\u2019\u00e9tude de ce rituel, notamment \u00e0 la Maison de l\u2019Arch\u00e9ologie de de l\u2019Ethnologie de Paris X et \u00e0 la Sorbonne.<br \/>\nA Nantes, les rencontres voguent de musiques nomades en impulsions bebop. Il d\u00e9couvre par un heureux hasard la musique improvis\u00e9e lors d\u2019un festival, l\u2019occasion de repenser et son rapport \u00e0 l\u2019instrument et l&rsquo;ensemble de sa pratique musicale.<br \/>\nArriv\u00e9 \u00e0 Toulouse en 2011, il s&rsquo;initie \u00e0 la musique improvis\u00e9e gr\u00e2ce \u00e0 l&rsquo;enseignement de Marc D\u00e9mereau (Music&rsquo;Halle), suit un parcours DEM Jazz au conservatoire de Toulouse et perfectionne sa technique instrumentale lors de stages de contrebasse jazz notamment avec Pierre Boussaguet, Hein Van de Gen et Gianluca Renzi.<br \/>\nFormations\/Free Jazz avec \u00ab\u00a0Grand Piak\u00a0\u00bb et une sc\u00e8ne en marge du projet \u00ab\u00a0The Bridge\u00a0\u00bb avec Daunik Lazro, Benjamin Duboc et Ramon Lopez.<br \/>\nMusique improvis\u00e9e avec le collectif \u00ab\u00a0La Fraction Grossi\u00e8re\u00a0\u00bb ainsi que l\u2019orchestre le \u00ab\u00a0Fil\u00a0\u00bb cr\u00e9e en 2012 par Heddy Boubaker et Christine Wodraska. Il joue \u00e9galement dans le trio \u00ab\u00a0Danza Cosmos\u00a0\u00bb et dans \u00ab\u00a0Elbe\u00a0\u00bb (du collectif \u00ab\u00a0la Main Mouche\u00a0\u00bb), 4tet m\u00ealant dr\u00f4nes et musique improvis\u00e9e multidiffus\u00e9e. R\u00e9cemment il int\u00e8gre la compagnie \u00ab\u00a0Merversible\u00a0\u00bb produisant un spectacle de rue hybride dont l\u2019\u00e9criture musicale est confi\u00e9e \u00e0 Florian Nastorg.<br \/>\nIl se consacre \u00e0 l\u2019animation de l&rsquo;\u00e9mission radio \u00ab\u00a0France Impro\u00a0\u00bb, l\u2019\u00e9mission des musiques improvis\u00e9es Toulousaine. (Radio FMR, Toulouse).<br \/>\n2014 voit l&rsquo;\u00e9mergence de son premier solo de contrebasse nomm\u00e9 \u00ab\u00a0Passage\u00a0\u00bb, performance librement inspir\u00e9e des \u00e9crits des philosophes Walter Benjamin et Paul Virilio. Cette pi\u00e8ce improvis\u00e9e est command\u00e9e pour la premi\u00e8re fois en 2015 par le festival d&rsquo;art vid\u00e9o \u00ab\u00a0Oodaaq\u00a0\u00bb \u00e0 Nantes.<br \/>\nIl s&rsquo;int\u00e9resse \u00e9galement aux proc\u00e9d\u00e9s de montage de reportages radiophonique et se fait programmer au festival \u00ab\u00a0Longueurs d&rsquo;Ondes\u00a0\u00bb (Brest) pour une pi\u00e8ce consacr\u00e9e \u00e0 la ville de Lisbonne.<br \/>\nEn 2015 il cr\u00e9e et anime \u00ab\u00a0La Rallonge\u00a0\u00bb, un projet pluridisciplinaire qui a pour but de r\u00e9aliser un cadavre exquis \u00e0 consonance internationale entre musiciens improvisateurs et r\u00e9alisateurs de cin\u00e9ma. Elle a permis jusqu\u2019ici la production de 21 films et autant de pi\u00e8ces musicales improvis\u00e9es engageant ainsi une soixantaine d\u2019artistes d\u2019horizons divers.<br \/>\nA Toulouse, les collaborations sont nombreuses et s&rsquo;inscrivent \u00e0 la fois dans l&rsquo;accompagnement musicale, l&rsquo;arrangement ou la composition:<\/p>\n<p>\u200b\u200b CAMU &#8211; Chanson Fran\u00e7aise &#8211; DJANA STRAY &#8211; Jazz &#8211;<br \/>\nASTROLABE &#8211; Musique M\u00e9diterran\u00e9enne &#8211; L&rsquo;ORCHESTRE DE POCHE &#8211; Classique minimale &#8211; ELBE &#8211; Musique exp\u00e9rimentale\u200b multidiffus\u00e9e &#8211; ALFREDO BUENDIA y los Picaflores &#8211; Mambo ann\u00e9es 40 &#8211; The RAGGEDY JUNKERS &#8211; Swing &#8211; Compagnie MERVERSIBLE &#8211; Spectacle de rue &#8211;<\/p>\n<p>&nbsp;<\/p>\n","protected":false},"excerpt":{"rendered":"<p>Son parcours de musicien conna\u00eet un pr\u00e9alable. Enfant, il assiste chaque ann\u00e9e \u00e0 des rituels organis\u00e9s par sa propre famille au Maroc m\u00ealant transe initiatique et pratiques th\u00e9rapeutiques populaires. Anim\u00e9 <a class=\"more-link\" href=\"https:\/\/lapartdelinvisible.com\/index.php\/compagnie\/youssef-ghazzal-artiste-associe\/\">Continue Reading \u2192<\/a><\/p>\n","protected":false},"author":1,"featured_media":0,"parent":399,"menu_order":3,"comment_status":"closed","ping_status":"closed","template":"page-fullwidth.php","meta":{"footnotes":""},"class_list":["post-489","page","type-page","status-publish","hentry"],"_links":{"self":[{"href":"https:\/\/lapartdelinvisible.com\/index.php\/wp-json\/wp\/v2\/pages\/489","targetHints":{"allow":["GET"]}}],"collection":[{"href":"https:\/\/lapartdelinvisible.com\/index.php\/wp-json\/wp\/v2\/pages"}],"about":[{"href":"https:\/\/lapartdelinvisible.com\/index.php\/wp-json\/wp\/v2\/types\/page"}],"author":[{"embeddable":true,"href":"https:\/\/lapartdelinvisible.com\/index.php\/wp-json\/wp\/v2\/users\/1"}],"replies":[{"embeddable":true,"href":"https:\/\/lapartdelinvisible.com\/index.php\/wp-json\/wp\/v2\/comments?post=489"}],"version-history":[{"count":6,"href":"https:\/\/lapartdelinvisible.com\/index.php\/wp-json\/wp\/v2\/pages\/489\/revisions"}],"predecessor-version":[{"id":873,"href":"https:\/\/lapartdelinvisible.com\/index.php\/wp-json\/wp\/v2\/pages\/489\/revisions\/873"}],"up":[{"embeddable":true,"href":"https:\/\/lapartdelinvisible.com\/index.php\/wp-json\/wp\/v2\/pages\/399"}],"wp:attachment":[{"href":"https:\/\/lapartdelinvisible.com\/index.php\/wp-json\/wp\/v2\/media?parent=489"}],"curies":[{"name":"wp","href":"https:\/\/api.w.org\/{rel}","templated":true}]}}