{"id":499,"date":"2018-07-27T13:24:05","date_gmt":"2018-07-27T11:24:05","guid":{"rendered":"http:\/\/lapartdelinvisible.com\/?page_id=499"},"modified":"2020-10-06T15:05:31","modified_gmt":"2020-10-06T13:05:31","slug":"flaubert-la-legende-de-saint-julien-lhospitalier","status":"publish","type":"page","link":"https:\/\/lapartdelinvisible.com\/index.php\/spectacles\/flaubert-la-legende-de-saint-julien-lhospitalier\/","title":{"rendered":"La l\u00e9gende de Saint Julien l&rsquo;Hospitalier"},"content":{"rendered":"<h1><\/h1>\n<p><a href=\"http:\/\/lapartdelinvisible.com\/?attachment_id=1153\" rel=\"attachment wp-att-1153\"><img loading=\"lazy\" decoding=\"async\" class=\"alignleft size-thumbnail wp-image-1153\" src=\"http:\/\/lapartdelinvisible.com\/wp-content\/uploads\/2019\/03\/ST_JULIEN_Cie_la_part_de_linvisible-150x150.jpg\" alt=\"\" width=\"150\" height=\"150\" \/><\/a><\/p>\n<p><strong>C&rsquo;est un spectacle<\/strong> avec une com\u00e9dienne, un musicien, les sculptures d&rsquo;une plasticienne et la prose de l&rsquo;immense Gustave Flaubert.<\/p>\n<p><strong>C&rsquo;est un conte<\/strong> avec son lot de ch\u00e2teaux, de jeunes seigneurs, de chevauch\u00e9es sous des cieux immenses, de noires for\u00eats dans lesquelles notre humanit\u00e9 chancelle et avec \u00e7a et l\u00e0 une princesse orientale et une bataille hom\u00e9rique.<\/p>\n<p><strong>C&rsquo;est une odyss\u00e9e<\/strong>. <strong>C&rsquo;est fait avec la mati\u00e8re qui a constitu\u00e9, qui constitue et qui constituera \u00e0 jamais les hommes.<\/strong> <strong>C&rsquo;est la langue de Flaubert, la pointe incandescente de la prose fran\u00e7aise.<\/strong><\/p>\n<p>Julien voit le jour dans la douceur d&rsquo;une famille royale, mais sa naissance le place d&#8217;embl\u00e9e sous de myst\u00e9rieuses pr\u00e9dictions : le sang, le pouvoir et la saintet\u00e9.<\/p>\n<div id=\"cc-m-13598836627\" class=\"j-module n j-text \">\n<div>\n<div id=\"cc-m-textwithimage-13598855627\" class=\"cc-m-textwithimage-inline-rte\" data-name=\"text\" data-action=\"text\">\n<p>R\u00eave et r\u00e9alit\u00e9 se m\u00ealent. L&rsquo;ignoble et le sublime, la douceur et la brutalit\u00e9 sont toujours soigneusement li\u00e9s. Ce texte frappe par sa profondeur symbolique, il mobilise les principaux mythes qui fondent l&rsquo;imaginaire occidental. Il touche en nous une m\u00e9moire archa\u00efque qui nous d\u00e9passe.<\/p>\n<p>Ainsi, quand bien m\u00eame nous avons perdu la conscience de ces mythes, ce conte mobilise les souvenirs enfouis de ce temps o\u00f9 l&rsquo;ordre du monde \u00e9tait \u00e9troitement li\u00e9 \u00e0 son double symbolique.<\/p>\n<p>La d\u00e9mesure de Julien, chasseur cruel \u00e0 la puissance sans limites, le m\u00e8nera \u00e0 la faute, .Une foule d&rsquo;animaux ricanant annoncera le meurtre. Son salut sera rendu enfin possibles par la travers\u00e9e d&rsquo;un fleuve en furie, aux c\u00f4t\u00e9s d&rsquo;un myst\u00e9rieux l\u00e9preux.<\/p>\n<p>Il s&rsquo;agit avec ce texte de plonger dans un univers de formes changeantes, de suivre Julien dans ses m\u00e9tamorphoses.<\/p>\n<p>Mise en sc\u00e8ne: Rachel Da silva, J\u00e9r\u00e9my Andr\u00e9, Anne Da silva<\/p>\n<\/div>\n<\/div>\n<\/div>\n<p>Jeu: Rachel Da silva<br \/>\nMusique: J\u00e9r\u00e9my Andr\u00e9<br \/>\nSc\u00e9nographie: Anne Da silva<\/p>\n<p><a href=\"http:\/\/lapartdelinvisible.com\/index.php\/spectacles\/logo_hg2x\/\" rel=\"attachment wp-att-977\"><img loading=\"lazy\" decoding=\"async\" class=\"alignleft wp-image-977\" src=\"http:\/\/lapartdelinvisible.com\/wp-content\/uploads\/2018\/08\/logo_hg@2x-150x150.png\" alt=\"\" width=\"51\" height=\"51\" \/><\/a><a href=\"http:\/\/lapartdelinvisible.com\/index.php\/spectacles\/toulouse\/\" rel=\"attachment wp-att-985\"><img loading=\"lazy\" decoding=\"async\" class=\"alignleft wp-image-985\" src=\"http:\/\/lapartdelinvisible.com\/wp-content\/uploads\/2018\/08\/toulouse.png\" alt=\"\" width=\"38\" height=\"49\" \/><\/a><a href=\"http:\/\/lapartdelinvisible.com\/index.php\/spectacles\/logovenerque03\/\" rel=\"attachment wp-att-976\"><img loading=\"lazy\" decoding=\"async\" class=\"alignleft wp-image-976\" src=\"http:\/\/lapartdelinvisible.com\/wp-content\/uploads\/2018\/08\/LogoVenerque03-150x146.jpg\" alt=\"\" width=\"49\" height=\"48\" \/><\/a><a href=\"http:\/\/lapartdelinvisible.com\/index.php\/spectacles\/pplogoecrit\/\" rel=\"attachment wp-att-979\"><img loading=\"lazy\" decoding=\"async\" class=\"alignleft wp-image-979\" src=\"http:\/\/lapartdelinvisible.com\/wp-content\/uploads\/2018\/08\/PPlogo\u00e9crit.jpg\" alt=\"\" width=\"35\" height=\"47\" \/><\/a><a href=\"http:\/\/lapartdelinvisible.com\/index.php\/spectacles\/logo-spedidam\/\" rel=\"attachment wp-att-986\"><img loading=\"lazy\" decoding=\"async\" class=\"alignleft wp-image-986\" src=\"http:\/\/lapartdelinvisible.com\/wp-content\/uploads\/2018\/08\/logo-spedidam-150x150.jpg\" alt=\"\" width=\"50\" height=\"50\" \/><\/a><a href=\"http:\/\/lapartdelinvisible.com\/index.php\/spectacles\/tnp\/\" rel=\"attachment wp-att-981\"><img loading=\"lazy\" decoding=\"async\" class=\"alignleft wp-image-981\" src=\"http:\/\/lapartdelinvisible.com\/wp-content\/uploads\/2018\/08\/tnp-150x150.jpg\" alt=\"\" width=\"49\" height=\"49\" srcset=\"https:\/\/lapartdelinvisible.com\/wp-content\/uploads\/2018\/08\/tnp-150x150.jpg 150w, https:\/\/lapartdelinvisible.com\/wp-content\/uploads\/2018\/08\/tnp.jpg 222w\" sizes=\"auto, (max-width: 49px) 100vw, 49px\" \/><\/a><a href=\"http:\/\/lapartdelinvisible.com\/index.php\/spectacles\/cugnaux-le-quai-des-arts\/\" rel=\"attachment wp-att-988\"><img loading=\"lazy\" decoding=\"async\" class=\"alignleft wp-image-988\" src=\"http:\/\/lapartdelinvisible.com\/wp-content\/uploads\/2018\/08\/Cugnaux-Le-Quai-des-Arts-150x150.jpg\" alt=\"\" width=\"46\" height=\"46\" srcset=\"https:\/\/lapartdelinvisible.com\/wp-content\/uploads\/2018\/08\/Cugnaux-Le-Quai-des-Arts-150x150.jpg 150w, https:\/\/lapartdelinvisible.com\/wp-content\/uploads\/2018\/08\/Cugnaux-Le-Quai-des-Arts-300x300.jpg 300w, https:\/\/lapartdelinvisible.com\/wp-content\/uploads\/2018\/08\/Cugnaux-Le-Quai-des-Arts.jpg 346w\" sizes=\"auto, (max-width: 46px) 100vw, 46px\" \/><\/a><\/p>\n<p>&nbsp;<\/p>\n<p>&nbsp;<\/p>\n<p><a href=\"https:\/\/www.youtube.com\/watch?v=Te9aY49110c&amp;feature=youtu.be\">Extrait du Spectacle 1 <\/a><a href=\"https:\/\/www.youtube.com\/watch?v=FclINwombDk&amp;feature=youtu.be\">\u00a0\u00a0\u00a0\u00a0\u00a0\u00a0\u00a0\u00a0\u00a0\u00a0\u00a0\u00a0\u00a0 Extrait 2<\/a><\/p>\n\n\t\t<style type=\"text\/css\">\n\t\t\t#gallery-1 {\n\t\t\t\tmargin: auto;\n\t\t\t}\n\t\t\t#gallery-1 .gallery-item {\n\t\t\t\tfloat: left;\n\t\t\t\tmargin-top: 10px;\n\t\t\t\ttext-align: center;\n\t\t\t\twidth: 25%;\n\t\t\t}\n\t\t\t#gallery-1 img {\n\t\t\t\tborder: 2px solid #cfcfcf;\n\t\t\t}\n\t\t\t#gallery-1 .gallery-caption {\n\t\t\t\tmargin-left: 0;\n\t\t\t}\n\t\t\t\/* see gallery_shortcode() in wp-includes\/media.php *\/\n\t\t<\/style>\n\t\t<div id='gallery-1' class='gallery galleryid-499 gallery-columns-4 gallery-size-thumbnail'><dl class='gallery-item'>\n\t\t\t<dt class='gallery-icon landscape'>\n\t\t\t\t<a href='https:\/\/lapartdelinvisible.com\/les-perches-2\/'><img loading=\"lazy\" decoding=\"async\" width=\"150\" height=\"150\" src=\"https:\/\/lapartdelinvisible.com\/wp-content\/uploads\/2019\/11\/les-perches-1-150x150.jpg\" class=\"attachment-thumbnail size-thumbnail\" alt=\"\" \/><\/a>\n\t\t\t<\/dt><\/dl><dl class='gallery-item'>\n\t\t\t<dt class='gallery-icon landscape'>\n\t\t\t\t<a href='https:\/\/lapartdelinvisible.com\/index.php\/compagnie\/rachel-da-silva\/saint-ju-rachel-jeremy\/'><img loading=\"lazy\" decoding=\"async\" width=\"150\" height=\"150\" src=\"https:\/\/lapartdelinvisible.com\/wp-content\/uploads\/2018\/07\/saint-ju-rachel-j\u00e9r\u00e9my-150x150.jpg\" class=\"attachment-thumbnail size-thumbnail\" alt=\"\" \/><\/a>\n\t\t\t<\/dt><\/dl><dl class='gallery-item'>\n\t\t\t<dt class='gallery-icon landscape'>\n\t\t\t\t<a href='https:\/\/lapartdelinvisible.com\/index.php\/spectacles\/p1030528\/'><img loading=\"lazy\" decoding=\"async\" width=\"150\" height=\"150\" src=\"https:\/\/lapartdelinvisible.com\/wp-content\/uploads\/2018\/07\/P1030528-150x150.jpg\" class=\"attachment-thumbnail size-thumbnail\" alt=\"\" \/><\/a>\n\t\t\t<\/dt><\/dl><dl class='gallery-item'>\n\t\t\t<dt class='gallery-icon landscape'>\n\t\t\t\t<a href='https:\/\/lapartdelinvisible.com\/index.php\/spectacles\/vlcsnap-2016-12-17-20h54m11s066\/'><img loading=\"lazy\" decoding=\"async\" width=\"150\" height=\"150\" src=\"https:\/\/lapartdelinvisible.com\/wp-content\/uploads\/2018\/07\/vlcsnap-2016-12-17-20h54m11s066-150x150.png\" class=\"attachment-thumbnail size-thumbnail\" alt=\"\" \/><\/a>\n\t\t\t<\/dt><\/dl><br style=\"clear: both\" \/><dl class='gallery-item'>\n\t\t\t<dt class='gallery-icon portrait'>\n\t\t\t\t<a href='https:\/\/lapartdelinvisible.com\/img_1115-1\/'><img loading=\"lazy\" decoding=\"async\" width=\"150\" height=\"150\" src=\"https:\/\/lapartdelinvisible.com\/wp-content\/uploads\/2018\/08\/IMG_1115-1-150x150.jpg\" class=\"attachment-thumbnail size-thumbnail\" alt=\"\" \/><\/a>\n\t\t\t<\/dt><\/dl><dl class='gallery-item'>\n\t\t\t<dt class='gallery-icon landscape'>\n\t\t\t\t<a href='https:\/\/lapartdelinvisible.com\/index.php\/spectacles\/vlcsnap-2016-12-17-20h58m24s272\/'><img loading=\"lazy\" decoding=\"async\" width=\"150\" height=\"150\" src=\"https:\/\/lapartdelinvisible.com\/wp-content\/uploads\/2018\/07\/vlcsnap-2016-12-17-20h58m24s272-150x150.png\" class=\"attachment-thumbnail size-thumbnail\" alt=\"\" \/><\/a>\n\t\t\t<\/dt><\/dl><dl class='gallery-item'>\n\t\t\t<dt class='gallery-icon landscape'>\n\t\t\t\t<a href='https:\/\/lapartdelinvisible.com\/index.php\/spectacles\/vlcsnap-2016-12-17-20h49m26s347\/'><img loading=\"lazy\" decoding=\"async\" width=\"150\" height=\"150\" src=\"https:\/\/lapartdelinvisible.com\/wp-content\/uploads\/2018\/07\/vlcsnap-2016-12-17-20h49m26s347-150x150.png\" class=\"attachment-thumbnail size-thumbnail\" alt=\"\" \/><\/a>\n\t\t\t<\/dt><\/dl><dl class='gallery-item'>\n\t\t\t<dt class='gallery-icon landscape'>\n\t\t\t\t<a href='https:\/\/lapartdelinvisible.com\/index.php\/spectacles\/flaubert-la-legende-de-saint-julien-lhospitalier\/la-legende\/'><img loading=\"lazy\" decoding=\"async\" width=\"150\" height=\"150\" src=\"https:\/\/lapartdelinvisible.com\/wp-content\/uploads\/2018\/07\/La-l\u00e9gende-150x150.png\" class=\"attachment-thumbnail size-thumbnail\" alt=\"\" srcset=\"https:\/\/lapartdelinvisible.com\/wp-content\/uploads\/2018\/07\/La-l\u00e9gende-150x150.png 150w, https:\/\/lapartdelinvisible.com\/wp-content\/uploads\/2018\/07\/La-l\u00e9gende-100x100.png 100w\" sizes=\"auto, (max-width: 150px) 100vw, 150px\" \/><\/a>\n\t\t\t<\/dt><\/dl><br style=\"clear: both\" \/><dl class='gallery-item'>\n\t\t\t<dt class='gallery-icon landscape'>\n\t\t\t\t<a href='https:\/\/lapartdelinvisible.com\/admin-ajax-2\/'><img loading=\"lazy\" decoding=\"async\" width=\"150\" height=\"150\" src=\"https:\/\/lapartdelinvisible.com\/wp-content\/uploads\/2018\/08\/admin-ajax-150x150.jpg\" class=\"attachment-thumbnail size-thumbnail\" alt=\"\" \/><\/a>\n\t\t\t<\/dt><\/dl><dl class='gallery-item'>\n\t\t\t<dt class='gallery-icon landscape'>\n\t\t\t\t<a href='https:\/\/lapartdelinvisible.com\/procession-lumiere\/'><img loading=\"lazy\" decoding=\"async\" width=\"150\" height=\"150\" src=\"https:\/\/lapartdelinvisible.com\/wp-content\/uploads\/2019\/11\/procession-lumiere-150x150.jpg\" class=\"attachment-thumbnail size-thumbnail\" alt=\"\" \/><\/a>\n\t\t\t<\/dt><\/dl>\n\t\t\t<br style='clear: both' \/>\n\t\t<\/div>\n\n<p><a href=\"http:\/\/lapartdelinvisible.com\/wp-content\/uploads\/2020\/10\/Cycle-Flaubert_plaquette_A5_web-.pdf\" rel=\"attachment wp-att-1208\">Cycle Flaubert plaquette<\/a><\/p>\n<p>&nbsp;<\/p>\n<p>&nbsp;<\/p>\n","protected":false},"excerpt":{"rendered":"<p>C&rsquo;est un spectacle avec une com\u00e9dienne, un musicien, les sculptures d&rsquo;une plasticienne et la prose de l&rsquo;immense Gustave Flaubert. C&rsquo;est un conte avec son lot de ch\u00e2teaux, de jeunes seigneurs, <a class=\"more-link\" href=\"https:\/\/lapartdelinvisible.com\/index.php\/spectacles\/flaubert-la-legende-de-saint-julien-lhospitalier\/\">Continue Reading \u2192<\/a><\/p>\n","protected":false},"author":1,"featured_media":0,"parent":380,"menu_order":1,"comment_status":"closed","ping_status":"closed","template":"page-disable-sidebar.php","meta":{"footnotes":""},"class_list":["post-499","page","type-page","status-publish","hentry"],"_links":{"self":[{"href":"https:\/\/lapartdelinvisible.com\/index.php\/wp-json\/wp\/v2\/pages\/499","targetHints":{"allow":["GET"]}}],"collection":[{"href":"https:\/\/lapartdelinvisible.com\/index.php\/wp-json\/wp\/v2\/pages"}],"about":[{"href":"https:\/\/lapartdelinvisible.com\/index.php\/wp-json\/wp\/v2\/types\/page"}],"author":[{"embeddable":true,"href":"https:\/\/lapartdelinvisible.com\/index.php\/wp-json\/wp\/v2\/users\/1"}],"replies":[{"embeddable":true,"href":"https:\/\/lapartdelinvisible.com\/index.php\/wp-json\/wp\/v2\/comments?post=499"}],"version-history":[{"count":38,"href":"https:\/\/lapartdelinvisible.com\/index.php\/wp-json\/wp\/v2\/pages\/499\/revisions"}],"predecessor-version":[{"id":1265,"href":"https:\/\/lapartdelinvisible.com\/index.php\/wp-json\/wp\/v2\/pages\/499\/revisions\/1265"}],"up":[{"embeddable":true,"href":"https:\/\/lapartdelinvisible.com\/index.php\/wp-json\/wp\/v2\/pages\/380"}],"wp:attachment":[{"href":"https:\/\/lapartdelinvisible.com\/index.php\/wp-json\/wp\/v2\/media?parent=499"}],"curies":[{"name":"wp","href":"https:\/\/api.w.org\/{rel}","templated":true}]}}