{"id":704,"date":"2018-07-29T17:47:44","date_gmt":"2018-07-29T15:47:44","guid":{"rendered":"http:\/\/lapartdelinvisible.com\/?page_id=704"},"modified":"2025-09-01T18:45:05","modified_gmt":"2025-09-01T16:45:05","slug":"transmission","status":"publish","type":"page","link":"https:\/\/lapartdelinvisible.com\/index.php\/transmission\/","title":{"rendered":"Transmission"},"content":{"rendered":"\n<h3 class=\"wp-block-heading\">Ouverture d&rsquo;atelier th\u00e9\u00e2tre enfant \u00e0 Venerque.&nbsp;<\/h3>\n\n\n\n<figure class=\"wp-block-image size-full is-resized\"><img loading=\"lazy\" decoding=\"async\" width=\"1024\" height=\"1024\" src=\"http:\/\/lapartdelinvisible.com\/wp-content\/uploads\/2025\/09\/Atelier-theatre-enfant.png\" alt=\"\" class=\"wp-image-1535\" style=\"width:410px;height:auto\" srcset=\"https:\/\/lapartdelinvisible.com\/wp-content\/uploads\/2025\/09\/Atelier-theatre-enfant.png 1024w, https:\/\/lapartdelinvisible.com\/wp-content\/uploads\/2025\/09\/Atelier-theatre-enfant-300x300.png 300w, https:\/\/lapartdelinvisible.com\/wp-content\/uploads\/2025\/09\/Atelier-theatre-enfant-150x150.png 150w, https:\/\/lapartdelinvisible.com\/wp-content\/uploads\/2025\/09\/Atelier-theatre-enfant-768x768.png 768w\" sizes=\"auto, (max-width: 1024px) 100vw, 1024px\" \/><\/figure>\n\n\n<p data-start=\"231\" data-end=\"389\">8\u201312 ans \u2013 Venerque<br data-start=\"250\" data-end=\"253\" \/>Espace Socio-Culturel Terra Viva<br data-start=\"285\" data-end=\"288\" \/>Mercredi de 14h \u00e0 15h30<br data-start=\"311\" data-end=\"314\" \/>D\u00e9but des cours : mercredi 17 septembre<br data-start=\"353\" data-end=\"356\" \/>Premier atelier d\u2019essai gratuit<\/p>\n<p data-start=\"391\" data-end=\"493\"><strong data-start=\"391\" data-end=\"401\">Tarifs<\/strong><br data-start=\"401\" data-end=\"404\" \/>Ateliers de 1h30 \u00a0(incluent une g\u00e9n\u00e9rale et une repr\u00e9sentation dans l\u2019espace Terra Viva)<\/p>\n<ul data-start=\"494\" data-end=\"543\">\n<li data-start=\"494\" data-end=\"506\">\n<p data-start=\"496\" data-end=\"506\">318 \u20ac\/an \/106 \u20ac\/trimestre\/ 35,33 \u20ac\/mois<\/p>\n<\/li>\n<\/ul>\n<p data-start=\"545\" data-end=\"665\"><strong data-start=\"545\" data-end=\"577\">Informations et inscriptions<\/strong><br data-start=\"577\" data-end=\"580\" \/><a class=\"decorated-link cursor-pointer\" rel=\"noopener\" data-start=\"580\" data-end=\"610\">contact@lapartdelinvisible.com<\/a><br data-start=\"610\" data-end=\"613\" \/>Lola : 06 77 11 38 43<\/p>\n\n\n<figure class=\"wp-block-image size-full is-resized\"><img loading=\"lazy\" decoding=\"async\" width=\"1024\" height=\"1024\" src=\"http:\/\/lapartdelinvisible.com\/wp-content\/uploads\/2025\/09\/project-2.png\" alt=\"\" class=\"wp-image-1536\" style=\"width:372px;height:auto\" srcset=\"https:\/\/lapartdelinvisible.com\/wp-content\/uploads\/2025\/09\/project-2.png 1024w, https:\/\/lapartdelinvisible.com\/wp-content\/uploads\/2025\/09\/project-2-300x300.png 300w, https:\/\/lapartdelinvisible.com\/wp-content\/uploads\/2025\/09\/project-2-150x150.png 150w, https:\/\/lapartdelinvisible.com\/wp-content\/uploads\/2025\/09\/project-2-768x768.png 768w\" sizes=\"auto, (max-width: 1024px) 100vw, 1024px\" \/><\/figure>\n\n\n\n<h3 class=\"wp-block-heading\">Transmission et p\u00e9dagogie<\/h3>\n\n\n\n<blockquote class=\"wp-block-quote is-layout-flow wp-block-quote-is-layout-flow\">\n<p>\u00ab Laissez chaque impression et chaque germe de sensibilit\u00e9 s\u2019accomplir en vous, dans<\/p>\n\n\n\n<p>l\u2019obscurit\u00e9, dans l\u2019indicible, l\u2019inconscient, l\u00e0 o\u00f9 l\u2019intelligence proprement dite n\u2019atteint pas,<\/p>\n\n\n\n<p>et laissez-les attendre, avec une humilit\u00e9 et une patience profondes, l\u2019heure d\u2019accoucher<\/p>\n\n\n\n<p>d\u2019une nouvelle clart\u00e9 : cela seul s\u2019appelle vivre l\u2019exp\u00e9rience de l\u2019art \u00bb <strong>Rainer Maria Rilke<\/strong><\/p>\n\n\n\n<p><em>Lettres \u00e0 un jeune po\u00e8te <\/em>\u00c9dition Seuil<\/p>\n<\/blockquote>\n\n\n\n<p>Pour la compagnie, transmission, enseignement et cr\u00e9ation sont indissociables : chaque proposition p\u00e9dagogique prolonge les questionnements qui ont travers\u00e9 le processus de cr\u00e9ation. Ainsi, les \u00e9l\u00e8ves ne d\u00e9couvrent pas une suite d\u2019exercices isol\u00e9s, mais sont immerg\u00e9s dans le c\u0153ur du travail artistique. L\u2019enseignement devient un partage vivant, un \u00e9change qui nourrit autant l\u2019\u00e9l\u00e8ve que l\u2019artiste.<\/p>\n\n\n\n<p>Depuis 2008, Rachel Da Silva intervient au Conservatoire \u00e0 Rayonnement Communal de Cugnaux et d\u00e9veloppe de nombreux projets p\u00e9dagogiques en lien avec les cr\u00e9ations de la compagnie.<\/p>\n\n\n\n<hr class=\"wp-block-separator has-alpha-channel-opacity\"\/>\n\n\n\n<h3 class=\"wp-block-heading\">Exemples d\u2019interventions p\u00e9dagogiques<\/h3>\n\n\n\n<ul class=\"wp-block-list\">\n<li><strong>Passeport pour l\u2019art \u2013 Ville de Toulouse (2023-2024, 2022-2023)<\/strong><br><em>Les oiseaux, les voir, les r\u00eaver<\/em>&nbsp;\u2013 en partenariat avec Nature en Occitanie.<br><em>L\u2019Herbier imaginaire<\/em>&nbsp;\u2013 cr\u00e9ation et ateliers autour du lien entre nature, imaginaire et po\u00e9sie.<\/li>\n\n\n\n<li><strong>Les Ombres : une dimension singuli\u00e8re \u2013 Ax Animation (2023)<\/strong><br>Ateliers de th\u00e9\u00e2tre d\u2019ombres avec :\n<ul class=\"wp-block-list\">\n<li>une classe de CP\/CE1 (\u00c9cole \u00e9l\u00e9mentaire, mars 2023),<\/li>\n\n\n\n<li>un groupe de personnes atteintes d\u2019autisme (Les Abattoirs, Riom, nov. 2023),<\/li>\n\n\n\n<li>des ateliers men\u00e9s \u00e9galement au&nbsp;<strong>Quai des arts de Cugnaux<\/strong>.<\/li>\n<\/ul>\n<\/li>\n\n\n\n<li><strong>EAC : Pour une plus grande aisance \u00e0 l\u2019oral (Coll\u00e8ge Montesquieu, Cugnaux \u2013 2023)<\/strong><br>Projet construit avec Estelle Harris (professeure d\u2019anglais), Fanny Dubled (danseuse et chanteuse) et Rachel Da Silva (com\u00e9dienne et metteuse en sc\u00e8ne).<br>\u2192 6 s\u00e9ances aupr\u00e8s de classes de 3e, 4e et 6e, pour transformer les fragilit\u00e9s orales en forces cr\u00e9atives.<\/li>\n\n\n\n<li><strong>Cours de th\u00e9\u00e2tre avec les r\u00e9sidents de la Maison Autonomie Loubayssens (Cugnaux)<\/strong><br>Ateliers favorisant l\u2019expression, la m\u00e9moire et le plaisir du jeu th\u00e9\u00e2tral dans un cadre interg\u00e9n\u00e9rationnel.<\/li>\n\n\n\n<li><strong>Interventions en lien avec l\u2019EHPAD de Pamiers \u2013 autour de l\u2019amour<\/strong><br>Ateliers artistiques et \u00e9changes sensibles sur le th\u00e8me universel de l\u2019amour, men\u00e9s avec les r\u00e9sidents.\n<ul class=\"wp-block-list\">\n<li><\/li>\n<\/ul>\n<\/li>\n<\/ul>\n\n\n\n<hr class=\"wp-block-separator has-alpha-channel-opacity\"\/>\n\n\n\n<h2 class=\"wp-block-heading\">La troupe des Extracteurs<\/h2>\n\n\n\n<ul class=\"wp-block-list\">\n<li>H\u00e9berg\u00e9e par la compagnie et mise en sc\u00e8ne par Rachel Da Silva, la troupe amateure&nbsp;<strong>Les Extracteurs<\/strong>&nbsp;poursuit son aventure th\u00e9\u00e2trale avec enthousiasme.<\/li>\n\n\n\n<li>Les r\u00e9p\u00e9titions reprennent le&nbsp;<strong>17 septembre<\/strong>&nbsp;\u00e0 l\u2019Espace Terra Viva de Venerque, avec au programme : des reprises de spectacles ainsi que deux nouvelles cr\u00e9ations en pr\u00e9paration.<\/li>\n<\/ul>\n\n\n\n<hr class=\"wp-block-separator has-alpha-channel-opacity\"\/>\n","protected":false},"excerpt":{"rendered":"<p>Ouverture d&rsquo;atelier th\u00e9\u00e2tre enfant \u00e0 Venerque.&nbsp; 8\u201312 ans \u2013 VenerqueEspace Socio-Culturel Terra VivaMercredi de 14h \u00e0 15h30D\u00e9but des cours : mercredi 17 septembrePremier atelier d\u2019essai gratuit TarifsAteliers de 1h30 \u00a0(incluent <a class=\"more-link\" href=\"https:\/\/lapartdelinvisible.com\/index.php\/transmission\/\">Continue Reading \u2192<\/a><\/p>\n","protected":false},"author":1,"featured_media":0,"parent":0,"menu_order":0,"comment_status":"closed","ping_status":"closed","template":"page-disable-sidebar.php","meta":{"footnotes":""},"class_list":["post-704","page","type-page","status-publish","hentry"],"_links":{"self":[{"href":"https:\/\/lapartdelinvisible.com\/index.php\/wp-json\/wp\/v2\/pages\/704","targetHints":{"allow":["GET"]}}],"collection":[{"href":"https:\/\/lapartdelinvisible.com\/index.php\/wp-json\/wp\/v2\/pages"}],"about":[{"href":"https:\/\/lapartdelinvisible.com\/index.php\/wp-json\/wp\/v2\/types\/page"}],"author":[{"embeddable":true,"href":"https:\/\/lapartdelinvisible.com\/index.php\/wp-json\/wp\/v2\/users\/1"}],"replies":[{"embeddable":true,"href":"https:\/\/lapartdelinvisible.com\/index.php\/wp-json\/wp\/v2\/comments?post=704"}],"version-history":[{"count":39,"href":"https:\/\/lapartdelinvisible.com\/index.php\/wp-json\/wp\/v2\/pages\/704\/revisions"}],"predecessor-version":[{"id":1571,"href":"https:\/\/lapartdelinvisible.com\/index.php\/wp-json\/wp\/v2\/pages\/704\/revisions\/1571"}],"wp:attachment":[{"href":"https:\/\/lapartdelinvisible.com\/index.php\/wp-json\/wp\/v2\/media?parent=704"}],"curies":[{"name":"wp","href":"https:\/\/api.w.org\/{rel}","templated":true}]}}