{"id":714,"date":"2018-07-29T17:59:15","date_gmt":"2018-07-29T15:59:15","guid":{"rendered":"http:\/\/lapartdelinvisible.com\/?page_id=714"},"modified":"2024-10-02T10:46:29","modified_gmt":"2024-10-02T08:46:29","slug":"de-lemotion-picturale-a-la-legende","status":"publish","type":"page","link":"https:\/\/lapartdelinvisible.com\/index.php\/transmission\/de-lemotion-picturale-a-la-legende\/","title":{"rendered":"Nos interventions p\u00e9dagogiques"},"content":{"rendered":"<p><strong>\u2022Pour une plus grande aisance \u00e0 l\u2019oral : Faire de ses fragilit\u00e9s des forces<span class=\"Apple-converted-space\"> &#8211; 2024<\/span><\/strong><\/p>\n<p>Dans le cadre des EAC, nous avons propos\u00e9 une offre sur le travail de l\u2019oralit\u00e9. Ce projet a \u00e9t\u00e9 construit avec Estelle Harris, enseignante d\u2019anglais au Coll\u00e8ge Montesquieu de Cugnaux , \u00a0Fanny Dubled danseuse et chanteuse , Rachel Da silva com\u00e9dienne et metteuse en sc\u00e8ne.<\/p>\n<p><strong>\u2022Passeport pour l\u2019art de la ville de Toulouse \u00e9dition 2023-2024<\/strong><\/p>\n<p>Les oiseaux, les voir, les r\u00eaver, en partenariat avec Nature en Occitanie.<\/p>\n<p style=\"font-weight: 400;\"><strong>\u2022Les ombres, une dimension singuli\u00e8re, Ax Animation, 2023<\/strong><\/p>\n<p style=\"font-weight: 400;\">Nous avons r\u00e9alis\u00e9 deux s\u00e9ances de travail autour du th\u00e9\u00e2tre d\u2019ombre aupr\u00e8s d\u2019une classe de Cp\/CE1 \u00e9cole \u00e9l\u00e9mentaire<\/p>\n<p><strong>\u2022Passeport pour l\u2019art de la ville de Toulouse \u00e9dition 2022-2023<\/strong><\/p>\n<p>Les oiseaux, les voir, les r\u00eaver, en partenariat avec Nature en Occitanie.<\/p>\n<p>\u2022<strong>Passeport pour l\u2019art de la ville de Toulouse \u00e9ditions 2019-2020 et 2021-2022<\/strong><\/p>\n<p>L\u2019herbier imaginaire, en partenariat avec le naturaliste de l\u2019association Nature en Occitanie \u00bb Mikael Nicolas.<\/p>\n<p>\u2022<strong>Le Gueuloir, d\u00e9cembre 2021<\/strong><\/p>\n<p>Action p\u00e9dagogique en lien avec le spectacle Dans les plis de l\u2019ours aupr\u00e8s d\u2019une classe de seconde du Lyc\u00e9e Victor Hugo de Gaillac<\/p>\n<p>\u2022<strong>Projet Botanique po\u00e9tique, printemps 2021<\/strong><\/p>\n<p>Avec le CCAS de Cugnaux, en partenariat avec le naturaliste \u00abPaysan des couleurs \u00bb Fr\u00e9d\u00e9rique Boyer.<\/p>\n<p>\u2022<strong>Projet EAC, printemps 2021<\/strong><\/p>\n<p>L\u2019herbier imaginaire, avec une classe de CM1 de l\u2019\u00e9cole L\u00e9on Blum de la ville de Cugnaux.<\/p>\n<p>En partenariat le professeur d\u2019horticulture J\u00e9r\u00e9my Andr\u00e9.<\/p>\n<p>\u2022<strong>Le Gueuloir, f\u00e9vrier 2019<\/strong><\/p>\n<p>Action p\u00e9dagogique en lien avec le spectacle La l\u00e9gende de Saint-Julien l\u2019Hospitalier au mus\u00e9e des Augustin avec des classes de seconde et premi\u00e8re du Lyc\u00e9e Notre-Dame des Champs.<\/p>\n<p><strong>De 2021 \u00e0 2022 Atelier th\u00e9\u00e2tre danse avec des personnes \u00e2g\u00e9es de la r\u00e9sidence Loubayssens de Cugnaux.<\/strong><\/p>\n<p><strong>La compagnie est conventionn\u00e9e par la ville de Cugnaux pour enseigner l\u2019art dramatique au sein du conservatoire municipal.<\/strong><!--more--><!--more--><\/p>\n","protected":false},"excerpt":{"rendered":"<p>\u2022Pour une plus grande aisance \u00e0 l\u2019oral : Faire de ses fragilit\u00e9s des forces &#8211; 2024 Dans le cadre des EAC, nous avons propos\u00e9 une offre sur le travail de <a class=\"more-link\" href=\"https:\/\/lapartdelinvisible.com\/index.php\/transmission\/de-lemotion-picturale-a-la-legende\/\">Continue Reading \u2192<\/a><\/p>\n","protected":false},"author":1,"featured_media":0,"parent":704,"menu_order":0,"comment_status":"closed","ping_status":"closed","template":"page-disable-sidebar.php","meta":{"footnotes":""},"class_list":["post-714","page","type-page","status-publish","hentry"],"_links":{"self":[{"href":"https:\/\/lapartdelinvisible.com\/index.php\/wp-json\/wp\/v2\/pages\/714","targetHints":{"allow":["GET"]}}],"collection":[{"href":"https:\/\/lapartdelinvisible.com\/index.php\/wp-json\/wp\/v2\/pages"}],"about":[{"href":"https:\/\/lapartdelinvisible.com\/index.php\/wp-json\/wp\/v2\/types\/page"}],"author":[{"embeddable":true,"href":"https:\/\/lapartdelinvisible.com\/index.php\/wp-json\/wp\/v2\/users\/1"}],"replies":[{"embeddable":true,"href":"https:\/\/lapartdelinvisible.com\/index.php\/wp-json\/wp\/v2\/comments?post=714"}],"version-history":[{"count":5,"href":"https:\/\/lapartdelinvisible.com\/index.php\/wp-json\/wp\/v2\/pages\/714\/revisions"}],"predecessor-version":[{"id":1473,"href":"https:\/\/lapartdelinvisible.com\/index.php\/wp-json\/wp\/v2\/pages\/714\/revisions\/1473"}],"up":[{"embeddable":true,"href":"https:\/\/lapartdelinvisible.com\/index.php\/wp-json\/wp\/v2\/pages\/704"}],"wp:attachment":[{"href":"https:\/\/lapartdelinvisible.com\/index.php\/wp-json\/wp\/v2\/media?parent=714"}],"curies":[{"name":"wp","href":"https:\/\/api.w.org\/{rel}","templated":true}]}}