{"id":829,"date":"2018-08-04T15:41:23","date_gmt":"2018-08-04T13:41:23","guid":{"rendered":"http:\/\/lapartdelinvisible.com\/?page_id=829"},"modified":"2024-10-11T13:18:35","modified_gmt":"2024-10-11T11:18:35","slug":"troupe-amateur-les-extracteurs-2","status":"publish","type":"page","link":"https:\/\/lapartdelinvisible.com\/index.php\/troupe-amateur-les-extracteurs-2\/","title":{"rendered":"Troupe amateur \u00ab\u00a0Les extracteurs\u00a0\u00bb"},"content":{"rendered":"<p><a href=\"https:\/\/lapartdelinvisible.com\/img_0\/\"><img loading=\"lazy\" decoding=\"async\" class=\"alignleft size-thumbnail wp-image-1417\" src=\"http:\/\/lapartdelinvisible.com\/wp-content\/uploads\/2024\/09\/img_0-150x150.jpg\" alt=\"\" width=\"150\" height=\"150\" \/><\/a><\/p>\n\n\n<p>QUE S\u2019OUVRE LE TH\u00c9\u00c2TRE, M\u2026 !<\/p>\n\n\n\n<p>\u201cCette s\u00e9rie de sketchs nous confronte \u00e0 une collection de personnages<\/p>\n\n\n\n<p>hors-normes, tendus entre la d\u00e9mesure de leurs d\u00e9sirs et l\u2019\u00e9troitesse<\/p>\n\n\n\n<p>de leur quotidien. Quel formidable terrain de jeu pour les com\u00e9diens et<\/p>\n\n\n\n<p>com\u00e9diennes de donner vie \u00e0 ces \u00eatres maladroits, \u00e9motifs, cruels,<\/p>\n\n\n\n<p>cass\u00e9s, hypersensibles et incapable de trouver une place dans le r\u00e9el.<\/p>\n\n\n\n<p>Ils nous mettent face \u00e0 cette vertigineuse question :<\/p>\n\n\n\n<p>\u00ab Qu\u2019est-ce qu\u2019un \u00eatre humain ? \u00bb<\/p>\n\n\n\n<p>Ils y r\u00e9pondent par un grand \u00e9clat de rire cinglant !\u201d<\/p>\n\n\n\n<p>Avec : Guy Antoina, Martine Blanc, Patrick Doyen, Cathy Gouze, Tania<\/p>\n\n\n\n<p>Jouffrey, S\u00e9bastien Lucas, Dominique Michaud, Myriam Naeyaert, Sophie<\/p>\n\n\n\n<p>Rueda, Lola Santamaria, Doroth\u00e9e Simon &amp; Laurie Suran.<\/p>\n\n\n\n<p><\/p>\n\n\n\n<p>Mise en sc\u00e8ne : Rachel Da Silva<\/p>\n\n\n\n<p><\/p>\n","protected":false},"excerpt":{"rendered":"<p>QUE S\u2019OUVRE LE TH\u00c9\u00c2TRE, M\u2026 ! \u201cCette s\u00e9rie de sketchs nous confronte \u00e0 une collection de personnages hors-normes, tendus entre la d\u00e9mesure de leurs d\u00e9sirs et l\u2019\u00e9troitesse de leur quotidien. <a class=\"more-link\" href=\"https:\/\/lapartdelinvisible.com\/index.php\/troupe-amateur-les-extracteurs-2\/\">Continue Reading \u2192<\/a><\/p>\n","protected":false},"author":1,"featured_media":0,"parent":0,"menu_order":0,"comment_status":"closed","ping_status":"closed","template":"page-blog.php","meta":{"footnotes":""},"class_list":["post-829","page","type-page","status-publish","hentry"],"_links":{"self":[{"href":"https:\/\/lapartdelinvisible.com\/index.php\/wp-json\/wp\/v2\/pages\/829","targetHints":{"allow":["GET"]}}],"collection":[{"href":"https:\/\/lapartdelinvisible.com\/index.php\/wp-json\/wp\/v2\/pages"}],"about":[{"href":"https:\/\/lapartdelinvisible.com\/index.php\/wp-json\/wp\/v2\/types\/page"}],"author":[{"embeddable":true,"href":"https:\/\/lapartdelinvisible.com\/index.php\/wp-json\/wp\/v2\/users\/1"}],"replies":[{"embeddable":true,"href":"https:\/\/lapartdelinvisible.com\/index.php\/wp-json\/wp\/v2\/comments?post=829"}],"version-history":[{"count":27,"href":"https:\/\/lapartdelinvisible.com\/index.php\/wp-json\/wp\/v2\/pages\/829\/revisions"}],"predecessor-version":[{"id":1424,"href":"https:\/\/lapartdelinvisible.com\/index.php\/wp-json\/wp\/v2\/pages\/829\/revisions\/1424"}],"wp:attachment":[{"href":"https:\/\/lapartdelinvisible.com\/index.php\/wp-json\/wp\/v2\/media?parent=829"}],"curies":[{"name":"wp","href":"https:\/\/api.w.org\/{rel}","templated":true}]}}